{"id":241,"date":"2021-11-03T18:38:30","date_gmt":"2021-11-03T18:38:30","guid":{"rendered":"https:\/\/jltservices.fi\/?page_id=241"},"modified":"2023-10-26T16:37:57","modified_gmt":"2023-10-26T16:37:57","slug":"puidenkaato","status":"publish","type":"page","link":"https:\/\/jltservices.fi\/index.php\/puidenkaato\/","title":{"rendered":"Puiden kaato"},"content":{"rendered":"<div id=\"sp-page\" class=\"spBgcover sp-content-1\" style=\"background-color: rgb(39, 39, 39); background-image: linear-gradient(0deg, rgb(49, 49, 49) 10%, rgb(0, 0, 0) 90%); font-family: 'Helvetica Neue', Arial, sans-serif; font-weight: 400;\">\n<section id=\"sp-k22mu33hv9gc\" data-mobile-visibility=\"#sp-k22mu33hv9gc|false\" data-desktop-visibility=\"#sp-k22mu33hv9gc|false\" data-mobile-css=\"\" class=\"sp-el-section \" style=\"background-color: rgba(0, 0, 0, 0); width: 100%; max-width: 100%; padding: 10px;\">\n<div id=\"sp-ioboqly27pht\" data-mobile-visibility=\"#sp-ioboqly27pht|false\" data-desktop-visibility=\"#sp-ioboqly27pht|false\" data-mobile-css=\"\" class=\"sp-el-row sm:sp-flex sp-w-full  sp-m-auto sp-justify-between\" style=\"padding: 0px; width: auto; max-width: 1000px;\">\n<div id=\"sp-wnxladudxq8\" data-mobile-visibility=\"#sp-wnxladudxq8|false\" data-desktop-visibility=\"#sp-wnxladudxq8|false\" data-mobile-css=\"\" class=\"sp-el-col  sp-w-full\" style=\"width: calc(50% - 0px);\">\n<style type=\"text\/css\">\n      #sp-wnxladudxq8 .sp-col-top .seedprod-shape-fill {fill: undefined;} #sp-wnxladudxq8 .sp-col-top svg {width: undefined%;height: undefinedpx;transform: translateX(-50%);} #sp-wnxladudxq8 .sp-col-bottom .seedprod-shape-fill {fill: undefined;} #sp-wnxladudxq8 .sp-col-bottom svg {width: undefined%;height: undefinedpx;transform: translateX(-50%);}\n    <\/style>\n<div class=\"sp-col-shape sp-col-top\" style=\"z-index: 0;\">\n<div><\/div>\n<\/div>\n<div class=\"sp-col-shape sp-col-bottom\" style=\"z-index: 0;\">\n<div><\/div>\n<\/div>\n<div id=\"sp-ltn82eo2r89\" data-mobile-css=\".sp-text-wrapper-ltn82eo2r89, #sp-ltn82eo2r89, #ltn82eo2r89|text-align:left;\" data-mobile-visibility=\".sp-text-wrapper-ltn82eo2r89|false\" data-desktop-visibility=\".sp-text-wrapper-ltn82eo2r89|false\" class=\"sp-css-target sp-text-wrapper sp-el-block sp-text-wrapper-ltn82eo2r89\" style=\"margin: 0px; text-align: left;\">\n<p><a href=\"..\/\">P\u00e5 svenska<\/a><\/p>\n<\/div>\n<\/div>\n<div id=\"sp-p0jukv9u11gjk\" data-mobile-visibility=\"#sp-p0jukv9u11gjk|false\" data-desktop-visibility=\"#sp-p0jukv9u11gjk|false\" data-mobile-css=\"\" class=\"sp-el-col  sp-w-full\" style=\"width: calc(50% - 0px);\">\n<style type=\"text\/css\">\n      #sp-p0jukv9u11gjk .sp-col-top .seedprod-shape-fill {fill: undefined;} #sp-p0jukv9u11gjk .sp-col-top svg {width: undefined%;height: undefinedpx;transform: translateX(-50%);} #sp-p0jukv9u11gjk .sp-col-bottom .seedprod-shape-fill {fill: undefined;} #sp-p0jukv9u11gjk .sp-col-bottom svg {width: undefined%;height: undefinedpx;transform: translateX(-50%);}\n    <\/style>\n<div class=\"sp-col-shape sp-col-top\" style=\"z-index: 0;\">\n<div><\/div>\n<\/div>\n<div class=\"sp-col-shape sp-col-bottom\" style=\"z-index: 0;\">\n<div><\/div>\n<\/div>\n<div id=\"sp-zqn05nq9uofh\" data-mobile-css=\"\" data-mobile-visibility=\".sp-socialprofiles-block-zqn05nq9uofh|false\" data-desktop-visibility=\".sp-socialprofiles-block-zqn05nq9uofh|false\" class=\"sp-socialprofiles-wrapper sp-flex sp-el-block sp-socialprofiles-style-1 sp-socialprofiles-block-zqn05nq9uofh\" style=\"text-align: right; justify-content: flex-end; margin-top: 0px;\"><a href=\"tel:+358405600385\" target=\"_blank\" class=\"sp-sp sp-whitespace-no-wrap sp-sp-phone sp-sp-sm\" style=\"width: auto; height: auto; color: rgb(255, 255, 255); background-color: transparent; margin: 0px 10px 0px 0px;\" rel=\"noopener\"><i class=\"fa-fw fa-phone fas\" style=\"font-size: 16px;\"><\/i><\/a><a href=\"mailto:info@jltservices.fi\" target=\"_blank\" class=\"sp-sp sp-whitespace-no-wrap sp-sp-envelope sp-sp-sm\" style=\"width: auto; height: auto; color: rgb(255, 255, 255); background-color: transparent; margin: 0px 10px 0px 0px;\" rel=\"noopener\"><i class=\"fa-fw fa-envelope fas\" style=\"font-size: 16px;\"><\/i><\/a><a href=\"https:\/\/www.facebook.com\/JLT-Services-512433596234844\/\" target=\"_blank\" class=\"sp-sp sp-whitespace-no-wrap sp-sp-facebook sp-sp-sm\" style=\"width: auto; height: auto; color: rgb(255, 255, 255); background-color: transparent; margin: 0px 10px 0px 0px;\" rel=\"noopener\"><i class=\"fa-fw fa-facebook fab\" style=\"font-size: 16px;\"><\/i><\/a><a href=\"https:\/\/instagram.com\/jltservices\" target=\"_blank\" class=\"sp-sp sp-whitespace-no-wrap sp-sp-instagram sp-sp-sm\" style=\"width: auto; height: auto; color: rgb(255, 255, 255); background-color: transparent;\" rel=\"noopener\"><i class=\"fa-fw fa-instagram fab\" style=\"font-size: 16px;\"><\/i><\/a><\/div>\n<\/div>\n<\/div>\n<div id=\"sp-i6ezrtndspt8\" data-mobile-visibility=\"#sp-i6ezrtndspt8|false\" data-desktop-visibility=\"#sp-i6ezrtndspt8|false\" data-mobile-css=\"\" class=\"sp-el-row sm:sp-flex sp-w-full  sp-m-auto sp-justify-between\" style=\"padding: 0px; width: auto; max-width: 1000px;\">\n<div id=\"sp-ttkdooidc1on\" data-mobile-visibility=\"#sp-ttkdooidc1on|false\" data-desktop-visibility=\"#sp-ttkdooidc1on|false\" data-mobile-css=\"\" class=\"sp-el-col  sp-w-full\" style=\"width: calc(36% - 0px);\">\n<style type=\"text\/css\">\n      #sp-ttkdooidc1on .sp-col-top .seedprod-shape-fill {fill: undefined;} #sp-ttkdooidc1on .sp-col-top svg {width: undefined%;height: undefinedpx;transform: translateX(-50%);} #sp-ttkdooidc1on .sp-col-bottom .seedprod-shape-fill {fill: undefined;} #sp-ttkdooidc1on .sp-col-bottom svg {width: undefined%;height: undefinedpx;transform: translateX(-50%);}\n    <\/style>\n<div class=\"sp-col-shape sp-col-top\" style=\"z-index: 0;\">\n<div><\/div>\n<\/div>\n<div class=\"sp-col-shape sp-col-bottom\" style=\"z-index: 0;\">\n<div><\/div>\n<\/div>\n<figure id=\"sp-s0f9ds5m19hre\" data-mobile-css=\"#sp-s0f9ds5m19hre|text-align:center;\" class=\"sp-image-wrapper sp-el-block\" style=\"margin: 4px 0px 0px; text-align: left;\">\n<div><span><a href=\"https:\/\/jltservices.fi\" target=\"\" rel=\"noopener\" class=\"sp-inline-block\"><img decoding=\"async\" src=\"https:\/\/jltservices.fi\/wp-content\/uploads\/2021\/10\/jlt-services-vit-logo-2018.png\" alt=\"\" width=\"\" height=\"\" srcset=\" https:\/\/jltservices.fi\/wp-content\/uploads\/2021\/10\/jlt-services-vit-logo-2018-150x150.png 150w, https:\/\/jltservices.fi\/wp-content\/uploads\/2021\/10\/jlt-services-vit-logo-2018-300x78.png 300w, https:\/\/jltservices.fi\/wp-content\/uploads\/2021\/10\/jlt-services-vit-logo-2018.png 901w\" style=\"width: 901%; height: 234%;\"><\/a><\/span><\/div>\n<\/figure>\n<\/div>\n<div id=\"sp-msvnwnoogb2o\" data-mobile-visibility=\"#sp-msvnwnoogb2o|false\" data-desktop-visibility=\"#sp-msvnwnoogb2o|false\" data-mobile-css=\"\" class=\"sp-el-col  sp-w-full\" style=\"width: calc(64% - 0px);\">\n<style type=\"text\/css\">\n      #sp-msvnwnoogb2o .sp-col-top .seedprod-shape-fill {fill: undefined;} #sp-msvnwnoogb2o .sp-col-top svg {width: undefined%;height: undefinedpx;transform: translateX(-50%);} #sp-msvnwnoogb2o .sp-col-bottom .seedprod-shape-fill {fill: undefined;} #sp-msvnwnoogb2o .sp-col-bottom svg {width: undefined%;height: undefinedpx;transform: translateX(-50%);}\n    <\/style>\n<div class=\"sp-col-shape sp-col-top\" style=\"z-index: 0;\">\n<div><\/div>\n<\/div>\n<div class=\"sp-col-shape sp-col-bottom\" style=\"z-index: 0;\">\n<div><\/div>\n<\/div>\n<div id=\"sp-fkq0uz\" data-mobile-css=\"#sp-fkq0uz .nav-menu .menu-item |text-align:left\" data-mobile-visibility=\".sp-nav-menu-block-fkq0uz|false\" data-desktop-visibility=\".sp-nav-menu-block-fkq0uz|false\" class=\"sp-nav sp-flex sp-el-block sp-justify-start sp-nav-menu-block-fkq0uz\" style=\"margin: 40px 0px 0px;\">\n<style type=\"text\/css\" data-mobile-css=\"\"><\/style>\n<style type=\"text\/css\" data-mobile-css=\"#sp-fkq0uz ul li a |text-align:left\"><\/style>\n<style type=\"text\/css\">\n    #sp-fkq0uz .seedprod-menu-horizontal .nav-menu .menu-item ,#sp-fkq0uz .seedprod-menu-horizontal .nav-menu .seedprod-menu-heading , #sp-fkq0uz .seedprod-menu-separator {padding:0px 2.5px}<\/p>\n<p>    #sp-fkq0uz .nav-menu ul.sub-menu {box-shadow:0 25px 50px -12px rgba(0, 0, 0, 0.25)}<\/p>\n<p>    #sp-fkq0uz ul li a {}<\/p>\n<p>    #sp-fkq0uz .seedprod-menu-horizontal .nav-menu .separator.menu-item { padding:0px; }<\/p>\n<p>    #sp-fkq0uz .custom-restricted-width .menu-item{padding:2.5px 0px}<\/p>\n<p>    #sp-fkq0uz .seedprod-menu-list li a {text-align:left}\n    #sp-fkq0uz .seedprod-menu-list li{text-align:left}<\/p>\n<p>    #sp-fkq0uz .seedprod-menu-list li a:hover {text-align:left}<\/p>\n<p>    #sp-fkq0uz .sp-nav-wrapper li a:hover {text-align:left}<\/p>\n<p>    #sp-fkq0uz .sub-menu {border-radius:6px;padding:4px 4px 4px 4px }<\/p>\n<p>    #sp-fkq0uz .sub-menu a {}<\/p>\n<p>    #sp-fkq0uz ul.seedprod-menu-list ul.sub-menu li a:hover{}<\/p>\n<p>    #sp-fkq0uz .bar{background-color:;}\n  <\/style>\n<div class=\"sp-nested-nav-wrapper h sp-nav-classjlt-finska\">\n<div class=\"seedprod-menu seedprod-menu-builder seedprod-menu-horizontal sp-mobile-menu-false\">\n<div class=\"\">\n<nav class=\"nav-bar\">\n<div class=\"hamburger\"><span class=\"bar\"><\/span><span class=\"bar\"><\/span><span class=\"bar\"><\/span><\/div>\n<div class=\"nav-menu\">\n<div>\n              <div class=\"nav-menu-bar\"><ul id=\"menu-jlt-finska\" class=\"seedprod-menu-list\"><li id=\"menu-item-760\" class=\"menu-item menu-item-type-post_type menu-item-object-page menu-item-home menu-item-760\"><a href=\"https:\/\/jltservices.fi\/\">Yrityksest\u00e4<\/a><\/li>\n<li id=\"menu-item-766\" class=\"menu-item menu-item-type-post_type menu-item-object-page menu-item-has-children menu-item-766\"><a href=\"https:\/\/jltservices.fi\/index.php\/om-oss\/vara-tjanster\/\">Palvelut<\/a>\n<ul class=\"sub-menu\">\n\t<li id=\"menu-item-758\" class=\"menu-item menu-item-type-post_type menu-item-object-page menu-item-758\"><a href=\"https:\/\/jltservices.fi\/index.php\/om-oss\/raskaskaluston-huolto\/\">Raskaskaluston huolto<\/a><\/li>\n\t<li id=\"menu-item-761\" class=\"menu-item menu-item-type-post_type menu-item-object-page menu-item-761\"><a href=\"https:\/\/jltservices.fi\/index.php\/om-oss\/metallityot-2\/\">Metallity\u00f6t<\/a><\/li>\n\t<li id=\"menu-item-759\" class=\"menu-item menu-item-type-post_type menu-item-object-page menu-item-759\"><a href=\"https:\/\/jltservices.fi\/index.php\/om-oss\/maatalouskoneiden-huolto\/\">Maatalouskoneiden huolto<\/a><\/li>\n\t<li id=\"menu-item-763\" class=\"menu-item menu-item-type-post_type menu-item-object-page menu-item-763\"><a href=\"https:\/\/jltservices.fi\/index.php\/om-oss\/hydrauliikkatyot-2\/\">Hydrauliikkaty\u00f6t<\/a><\/li>\n\t<li id=\"menu-item-765\" class=\"menu-item menu-item-type-post_type menu-item-object-page menu-item-765\"><a href=\"https:\/\/jltservices.fi\/index.php\/om-oss\/aarporaus-2\/\">Aarporaus<\/a><\/li>\n\t<li id=\"menu-item-764\" class=\"menu-item menu-item-type-post_type menu-item-object-page menu-item-764\"><a href=\"https:\/\/jltservices.fi\/index.php\/om-oss\/kaytetyt-varaosat-2\/\">K\u00e4ytetyt varaosat<\/a><\/li>\n<\/ul>\n<\/li>\n<li id=\"menu-item-762\" class=\"menu-item menu-item-type-post_type menu-item-object-page menu-item-762\"><a href=\"https:\/\/jltservices.fi\/index.php\/om-oss\/ota-yhteytta-2\/\">Ota yhteytt\u00e4<\/a><\/li>\n<li id=\"menu-item-974\" class=\"menu-item menu-item-type-post_type menu-item-object-page menu-item-974\"><a href=\"https:\/\/jltservices.fi\/index.php\/om-oss-2\/\">\ud83c\uddf8\ud83c\uddeaSvenska<\/a><\/li>\n<\/ul><\/div>\n            <\/div>\n<div><script> jQuery(document).ready(function(){   initDropdowns(); }); <\/script><\/div>\n<\/div>\n<\/nav>\n<\/div>\n<\/div>\n<\/div>\n<\/div>\n<\/div>\n<\/div>\n<\/section>\n<section id=\"sp-ks8a8s\" data-mobile-visibility=\"#sp-ks8a8s|false\" data-desktop-visibility=\"#sp-ks8a8s|false\" data-mobile-css=\"\" class=\"sp-el-section \" style=\"background-color: rgba(0, 0, 0, 0); width: 100%; max-width: 100%; padding: 10px;\">\n<div id=\"sp-vw3kvy\" data-mobile-visibility=\"#sp-vw3kvy|false\" data-desktop-visibility=\"#sp-vw3kvy|false\" data-mobile-css=\"\" class=\"sp-el-row sm:sp-flex sp-w-full  sp-m-auto sp-justify-between\" style=\"padding: 0px; width: auto; max-width: 1000px;\">\n<div id=\"sp-qo05jd\" data-mobile-visibility=\"#sp-qo05jd|false\" data-desktop-visibility=\"#sp-qo05jd|false\" data-mobile-css=\"\" class=\"sp-el-col  sp-w-full\" style=\"width: calc(100% - 0px);\">\n<style type=\"text\/css\">\n      #sp-qo05jd .sp-col-top .seedprod-shape-fill {fill: undefined;} #sp-qo05jd .sp-col-top svg {width: undefined%;height: undefinedpx;transform: translateX(-50%);} #sp-qo05jd .sp-col-bottom .seedprod-shape-fill {fill: undefined;} #sp-qo05jd .sp-col-bottom svg {width: undefined%;height: undefinedpx;transform: translateX(-50%);}\n    <\/style>\n<div class=\"sp-col-shape sp-col-top\" style=\"z-index: 0;\">\n<div><\/div>\n<\/div>\n<div class=\"sp-col-shape sp-col-bottom\" style=\"z-index: 0;\">\n<div><\/div>\n<\/div>\n<div id=\"sp-jdtfk1\" data-mobile-css=\".sp-text-wrapper-jdtfk1, #sp-jdtfk1, #jdtfk1|text-align:left;\" data-mobile-visibility=\".sp-text-wrapper-jdtfk1|false\" data-desktop-visibility=\".sp-text-wrapper-jdtfk1|false\" class=\"sp-css-target sp-text-wrapper sp-el-block sp-text-wrapper-jdtfk1\" style=\"font-size: 16px; margin: 0px; text-align: left;\">\n<p style=\"text-align: left;\">Puiden kaato<\/p>\n<p style=\"text-align: left;\">&nbsp;<\/p>\n<p style=\"text-align: left;\">JLT Services hoitaa kaikenlaisia puukaato projekteja. Tuulenkaadot ja korkeat puut kaupunkialuella ei ole meille ongelma. Otetaan kaikki puusta mukaan kaupunkialueelta ja ajetaan my\u00f6s tukkeja mets\u00e4st\u00e4 jos asiakas niin haluaa. \u00c4l\u00e4 ep\u00e4r\u00f6i ottaa yhteytt\u00e4!<\/p>\n<\/div>\n<div id=\"sp-tlsuv9\" data-autoplay=\"true\" data-speed=\"5\" data-slidetoshow=\"1\" data-mobile-visibility=\".sp-image-carousel-block-tlsuv9|false\" data-desktop-visibility=\".sp-image-carousel-block-tlsuv9|false\" data-mobile-css=\"\" class=\" sp-imagecarousels-wrapper sp-el-block sp-image-carousel-block-tlsuv9\" style=\"margin: 0px; text-align: center;\">\n<div class=\"sp-flex sp-top-0 sp-left-0 sp-z-0  sp-gap-2 sp-text-center\">\n<div id=\"sp-tlsuv90\" class=\"sp-imagecarousel-wrapper sp-w-full\" style=\"transition: opacity 0.3s linear 0s; opacity: 1;\">\n<div class=\"sp-flex sp-items-center sp-justify-center\"><img decoding=\"async\" src=\"https:\/\/jltservices.fi\/wp-content\/uploads\/2021\/10\/2344339c-2b2d-42e6-a5c8-ecb66fb0ebcf.jpg\" alt=\"\" srcset=\" https:\/\/jltservices.fi\/wp-content\/uploads\/2021\/10\/2344339c-2b2d-42e6-a5c8-ecb66fb0ebcf-150x150.jpg 150w, https:\/\/jltservices.fi\/wp-content\/uploads\/2021\/10\/2344339c-2b2d-42e6-a5c8-ecb66fb0ebcf-225x300.jpg 225w, https:\/\/jltservices.fi\/wp-content\/uploads\/2021\/10\/2344339c-2b2d-42e6-a5c8-ecb66fb0ebcf-767x1024.jpg 640w, https:\/\/jltservices.fi\/wp-content\/uploads\/2021\/10\/2344339c-2b2d-42e6-a5c8-ecb66fb0ebcf.jpg 944w\" class=\"sp-object-cover sp-imagecarousel-img\" style=\"width: 1284px;\"><\/div>\n<div class=\"sp-flex sp-items-center sp-justify-center\"><small class=\"sp-flex sp-flex-col sp-mx-4 sp-text-left sp-text-left\"><\/small><\/div>\n<\/div>\n<div id=\"sp-tlsuv91\" class=\"sp-imagecarousel-wrapper sp-w-full\" style=\"transition: opacity 0.3s linear 0s; opacity: 0; height: 0px; position: absolute;\">\n<div class=\"sp-flex sp-items-center sp-justify-center\"><img decoding=\"async\" src=\"https:\/\/jltservices.fi\/wp-content\/uploads\/2021\/10\/010E73EB-1F66-4494-8337-7941700C6672.jpeg\" alt=\"\" srcset=\" https:\/\/jltservices.fi\/wp-content\/uploads\/2021\/10\/010E73EB-1F66-4494-8337-7941700C6672-150x150.jpeg 150w, https:\/\/jltservices.fi\/wp-content\/uploads\/2021\/10\/010E73EB-1F66-4494-8337-7941700C6672-300x300.jpeg 300w, https:\/\/jltservices.fi\/wp-content\/uploads\/2021\/10\/010E73EB-1F66-4494-8337-7941700C6672-1024x1022.jpeg 640w, https:\/\/jltservices.fi\/wp-content\/uploads\/2021\/10\/010E73EB-1F66-4494-8337-7941700C6672.jpeg 1284w\" class=\"sp-object-cover sp-imagecarousel-img\" style=\"width: 1284px;\"><\/div>\n<div class=\"sp-flex sp-items-center sp-justify-center\"><small class=\"sp-flex sp-flex-col sp-mx-4 sp-text-left sp-text-left\"><\/small><\/div>\n<\/div>\n<\/div>\n<div class=\"sp-imagecarousel-nav sp-flex sp-justify-center sp-items-center sp-mt-2\"><button class=\"sp-outline-none focus:sp-outline-none sp-px-3 sp-opacity-50 sp-text-base sp-text-black\"><i class=\"fas fa-angle-left\"><\/i><\/button><button data-index=\"0\" class=\"focus:sp-outline-none sp-w-3 sp-h-3 sp-block sp-mx-1 sp-opacity-25 sp-rounded-full sp-opacity-75 sp-bg-black\"><\/button><button data-index=\"1\" class=\"focus:sp-outline-none sp-w-3 sp-h-3 sp-block sp-mx-1 sp-opacity-25 sp-rounded-full sp-bg-black\"><\/button><button class=\"sp-outline-none focus:sp-outline-none sp-px-3 sp-opacity-50 text-base sp-text-black\"><i class=\"fas fa-angle-right\"><\/i><\/button><\/div>\n<\/div>\n<\/div>\n<\/div>\n<\/section>\n<\/div>\n","protected":false},"excerpt":{"rendered":"<p>P\u00e5 svenska Puiden kaato &nbsp; JLT Services hoitaa kaikenlaisia puukaato projekteja. Tuulenkaadot ja korkeat puut kaupunkialuella ei ole meille ongelma. Otetaan kaikki puusta mukaan kaupunkialueelta ja ajetaan my\u00f6s tukkeja mets\u00e4st\u00e4 jos asiakas niin haluaa. \u00c4l\u00e4 ep\u00e4r\u00f6i ottaa yhteytt\u00e4!<\/p>\n","protected":false},"author":1,"featured_media":0,"parent":0,"menu_order":0,"comment_status":"closed","ping_status":"closed","template":"","meta":{"saved_in_kubio":false,"_uag_custom_page_level_css":"","_monsterinsights_skip_tracking":false,"_monsterinsights_sitenote_active":false,"_monsterinsights_sitenote_note":"","_monsterinsights_sitenote_category":0,"footnotes":""},"class_list":["post-241","page","type-page","status-publish","hentry","entry"],"aioseo_notices":[],"kubio_ai_page_context":{"short_desc":"","purpose":"general"},"uagb_featured_image_src":{"full":false,"thumbnail":false,"medium":false,"medium_large":false,"large":false,"1536x1536":false,"2048x2048":false,"kubio-fullhd":false,"post-thumbnail":false},"uagb_author_info":{"display_name":"admin","author_link":"https:\/\/jltservices.fi\/index.php\/author\/admin\/"},"uagb_comment_info":0,"uagb_excerpt":"P\u00e5 svenska Puiden kaato &nbsp; JLT Services hoitaa kaikenlaisia puukaato projekteja. Tuulenkaadot ja korkeat puut kaupunkialuella ei ole meille ongelma. Otetaan kaikki puusta mukaan kaupunkialueelta ja ajetaan my\u00f6s tukkeja mets\u00e4st\u00e4 jos asiakas niin haluaa. \u00c4l\u00e4 ep\u00e4r\u00f6i ottaa yhteytt\u00e4!","jetpack_sharing_enabled":true,"_links":{"self":[{"href":"https:\/\/jltservices.fi\/index.php\/wp-json\/wp\/v2\/pages\/241","targetHints":{"allow":["GET"]}}],"collection":[{"href":"https:\/\/jltservices.fi\/index.php\/wp-json\/wp\/v2\/pages"}],"about":[{"href":"https:\/\/jltservices.fi\/index.php\/wp-json\/wp\/v2\/types\/page"}],"author":[{"embeddable":true,"href":"https:\/\/jltservices.fi\/index.php\/wp-json\/wp\/v2\/users\/1"}],"replies":[{"embeddable":true,"href":"https:\/\/jltservices.fi\/index.php\/wp-json\/wp\/v2\/comments?post=241"}],"version-history":[{"count":7,"href":"https:\/\/jltservices.fi\/index.php\/wp-json\/wp\/v2\/pages\/241\/revisions"}],"predecessor-version":[{"id":384,"href":"https:\/\/jltservices.fi\/index.php\/wp-json\/wp\/v2\/pages\/241\/revisions\/384"}],"wp:attachment":[{"href":"https:\/\/jltservices.fi\/index.php\/wp-json\/wp\/v2\/media?parent=241"}],"curies":[{"name":"wp","href":"https:\/\/api.w.org\/{rel}","templated":true}]}}