{"id":636,"date":"2026-02-19T12:41:53","date_gmt":"2026-02-19T10:41:53","guid":{"rendered":"https:\/\/jltservices.fi\/?page_id=636"},"modified":"2026-03-02T13:24:28","modified_gmt":"2026-03-02T11:24:28","slug":"vara-tjanster","status":"publish","type":"page","link":"https:\/\/jltservices.fi\/index.php\/om-oss\/vara-tjanster\/","title":{"rendered":"Palvelut"},"content":{"rendered":"\n<div class=\"wp-block-group\"><div class=\"wp-block-group__inner-container is-layout-constrained wp-block-group-is-layout-constrained\"><\/div><\/div>\n\n\n\n<div class=\"wp-block-uagb-separator uagb-block-184e5464\"><div class=\"wp-block-uagb-separator__inner\" style=\"--my-background-image:\"><\/div><\/div>\n\n\n\n<div class=\"wp-block-uagb-container uagb-block-0f468df4 alignfull uagb-is-root-container\"><div class=\"uagb-container-inner-blocks-wrap\">\n<div class=\"wp-block-uagb-container uagb-block-242d9f1a\">\n<div class=\"wp-block-uagb-info-box uagb-block-d1429ec7 uagb-infobox__content-wrap  uagb-infobox-icon-above-title uagb-infobox-image-valign-top\"><div class=\"uagb-ifb-content\"><div class=\"uagb-ifb-title-wrap\"><\/div><p class=\"uagb-ifb-desc\">JLT Services tarjoaa laajan valikoiman palveluja, joilla varmistamme, ett\u00e4 sek\u00e4 maatalouskoneet ett\u00e4 raskas kalusto toimivat optimaalisesti. Kokemuksemme ja tekninen osaamisemme tekev\u00e4t meist\u00e4 luotettavan kumppanin sek\u00e4 huoltoon ett\u00e4 erikoist\u00f6ihin.<\/p><\/div><\/div>\n<\/div>\n\n\n\n<div class=\"wp-block-uagb-container uagb-block-6935e8f5\">\n<div class=\"wp-block-uagb-info-box uagb-block-c8a148c3 uagb-infobox__content-wrap  uagb-infobox-icon-above-title uagb-infobox-image-valign-top\"><div class=\"uagb-ifb-content\"><div class=\"uagb-ifb-title-wrap\"><\/div><p class=\"uagb-ifb-desc\"><strong>\u2022&nbsp;<strong><a href=\"https:\/\/jltservices.fi\/index.php\/tungmaskinservice\/\" title=\"\">Raskaskonehuolto<\/a><\/strong><\/strong><br><strong>\u2022&nbsp;<strong><a href=\"https:\/\/jltservices.fi\/index.php\/maatalouskoneiden-huolto\/ \u200e\" title=\"\">Maatalouskoneiden huolto<\/a><\/strong><\/strong><br><strong>\u2022&nbsp;<a href=\"https:\/\/jltservices.fi\/index.php\/kaytetyt-varaosat-2\/ \u200e\" title=\"\">K\u00e4ytetyt varaosat<\/a><\/strong><br><strong>\u2022&nbsp;<a href=\"https:\/\/jltservices.fi\/index.php\/aarporaus-2\/\" title=\"\">Aarporaus<\/a><\/strong><br><strong>\u2022&nbsp;<a href=\"https:\/\/jltservices.fi\/index.php\/metallityot-2\/\" title=\"Metallity\u00f6t\">Metallity\u00f6t<\/a><\/strong><br><strong>\u2022&nbsp;<strong><a href=\"https:\/\/jltservices.fi\/index.php\/hydrauliikkatyot-2\/ \u200e\" title=\"\">Hydrauliikkaty\u00f6t<\/a><\/strong><\/strong><\/p><\/div><\/div>\n<\/div>\n<\/div><\/div>\n\n\n\n<p><\/p>\n","protected":false},"excerpt":{"rendered":"","protected":false},"author":3,"featured_media":0,"parent":48,"menu_order":0,"comment_status":"closed","ping_status":"closed","template":"","meta":{"saved_in_kubio":true,"_uag_custom_page_level_css":"","_monsterinsights_skip_tracking":false,"_monsterinsights_sitenote_active":false,"_monsterinsights_sitenote_note":"","_monsterinsights_sitenote_category":0,"footnotes":""},"class_list":["post-636","page","type-page","status-publish","hentry","entry"],"aioseo_notices":[],"kubio_ai_page_context":{"short_desc":"","purpose":"general"},"uagb_featured_image_src":{"full":false,"thumbnail":false,"medium":false,"medium_large":false,"large":false,"1536x1536":false,"2048x2048":false,"kubio-fullhd":false,"post-thumbnail":false},"uagb_author_info":{"display_name":"Anton Nilsson","author_link":"https:\/\/jltservices.fi\/index.php\/author\/anton-nilsson\/"},"uagb_comment_info":0,"uagb_excerpt":null,"jetpack_sharing_enabled":true,"_links":{"self":[{"href":"https:\/\/jltservices.fi\/index.php\/wp-json\/wp\/v2\/pages\/636","targetHints":{"allow":["GET"]}}],"collection":[{"href":"https:\/\/jltservices.fi\/index.php\/wp-json\/wp\/v2\/pages"}],"about":[{"href":"https:\/\/jltservices.fi\/index.php\/wp-json\/wp\/v2\/types\/page"}],"author":[{"embeddable":true,"href":"https:\/\/jltservices.fi\/index.php\/wp-json\/wp\/v2\/users\/3"}],"replies":[{"embeddable":true,"href":"https:\/\/jltservices.fi\/index.php\/wp-json\/wp\/v2\/comments?post=636"}],"version-history":[{"count":8,"href":"https:\/\/jltservices.fi\/index.php\/wp-json\/wp\/v2\/pages\/636\/revisions"}],"predecessor-version":[{"id":920,"href":"https:\/\/jltservices.fi\/index.php\/wp-json\/wp\/v2\/pages\/636\/revisions\/920"}],"up":[{"embeddable":true,"href":"https:\/\/jltservices.fi\/index.php\/wp-json\/wp\/v2\/pages\/48"}],"wp:attachment":[{"href":"https:\/\/jltservices.fi\/index.php\/wp-json\/wp\/v2\/media?parent=636"}],"curies":[{"name":"wp","href":"https:\/\/api.w.org\/{rel}","templated":true}]}}