{"id":729,"date":"2026-02-25T12:16:58","date_gmt":"2026-02-25T10:16:58","guid":{"rendered":"https:\/\/jltservices.fi\/?page_id=729"},"modified":"2026-03-02T13:22:07","modified_gmt":"2026-03-02T11:22:07","slug":"kaytetyt-varaosat-2","status":"publish","type":"page","link":"https:\/\/jltservices.fi\/index.php\/om-oss\/kaytetyt-varaosat-2\/","title":{"rendered":"K\u00e4ytetyt varaosat"},"content":{"rendered":"\n\n\n<div class=\"wp-block-uagb-separator uagb-block-9223a049\"><div class=\"wp-block-uagb-separator__inner\" style=\"--my-background-image:\"><\/div><\/div>\n\n\n\n<div class=\"wp-block-uagb-container uagb-block-f5114764 alignfull uagb-is-root-container\"><div class=\"uagb-container-inner-blocks-wrap\">\n<div class=\"wp-block-uagb-container uagb-block-b5b48cef\">\n<div class=\"wp-block-uagb-advanced-heading uagb-block-1350c2a5\"><h2 class=\"uagb-heading-text\">K\u00e4ytetty varaosat<\/h2><\/div>\n\n\n\n<div class=\"wp-block-uagb-info-box uagb-block-5baaa58c uagb-infobox__content-wrap  uagb-infobox-icon-above-title uagb-infobox-image-valign-top\"><div class=\"uagb-ifb-content\"><div class=\"uagb-ifb-title-wrap\"><\/div><p class=\"uagb-ifb-desc\">Teemme ty\u00f6konelaitteiden purkua ja kierr\u00e4tyst\u00e4, p\u00e4\u00e4asiassa Volvon koneista. T\u00e4h\u00e4n kuuluvat py\u00f6r\u00e4kuormaajat, kaivinkoneet ja dumpperit. Tavoitteena on hy\u00f6dynt\u00e4\u00e4 toimivat komponentit ja tarjota ne uudelleen k\u00e4ytt\u00f6\u00f6n. Varaosien lis\u00e4ksi myymme my\u00f6s k\u00e4ytettyj\u00e4 koneita saatavuuden mukaan.<br><br>Jos etsit tietty\u00e4 osaa tai haluat tiet\u00e4\u00e4 lis\u00e4\u00e4 varastossa olevista tuotteista, vieraile osoitteessa www.jltparts.fi tai ota yhteytt\u00e4:<br><br><strong>info@jltparts.fi<br>+358 40 350 0467<\/strong><\/p><\/div><\/div>\n<\/div>\n\n\n\n<div class=\"wp-block-uagb-container uagb-block-e3763c19\">\t\t\t\t\t<div\n\t\t\t\t\t\tclass=\"wp-block-uagb-image-gallery uagb-block-4100ddd0     \"\n\t\t\t\t\t\tstyle=\"\"\n\t\t\t\t\t>\n\t\t\t\t\t\t\t\t\t\t\t<div class=\"spectra-image-gallery spectra-image-gallery__layout--grid spectra-image-gallery__layout--grid-col-2 spectra-image-gallery__layout--grid-col-tab-3 spectra-image-gallery__layout--grid-col-mob-2\">\n\t\t\t\t\t\t\t\t\t\t\t<div class='spectra-image-gallery__media-wrapper' data-spectra-gallery-image-id='416' tabindex=\"0\">\n\t\t\t\t\t\t\t<div class=\"spectra-image-gallery__media spectra-image-gallery__media--grid\">\n\t\t\t\t<picture>\n\t\t\t\t\t<source media=\"(min-width: 1024px)\" srcset=\"https:\/\/jltservices.fi\/wp-content\/uploads\/2025\/11\/IMG_1503-768x1024.jpeg\">\n\t\t\t\t\t<source media=\"(min-width: 768px)\" srcset=\"https:\/\/jltservices.fi\/wp-content\/uploads\/2025\/11\/IMG_1503-768x1024.jpeg\">\n\t\t\t\t\t<img decoding=\"async\" class=\"spectra-image-gallery__media-thumbnail spectra-image-gallery__media-thumbnail--grid\" src=\"https:\/\/jltservices.fi\/wp-content\/uploads\/2025\/11\/IMG_1503-225x300.jpeg\" alt=\"\" loading=\"lazy\" \/>\n\t\t\t\t<\/picture>\n\t\t\t\t<div class=\"spectra-image-gallery__media-thumbnail-blurrer\"><\/div>\n\t\t\t\t\t\t\t\t\t\t\t<div class=\"spectra-image-gallery__media-thumbnail-caption-wrapper spectra-image-gallery__media-thumbnail-caption-wrapper--overlay\"><\/div>\n\t\t\t\t\t\t\t\t<\/div>\n\t\t\t\t\t\t<\/div>\n\t\t\t\t\t\t<div class='spectra-image-gallery__media-wrapper' data-spectra-gallery-image-id='415' tabindex=\"0\">\n\t\t\t\t\t\t\t<div class=\"spectra-image-gallery__media spectra-image-gallery__media--grid\">\n\t\t\t\t<picture>\n\t\t\t\t\t<source media=\"(min-width: 1024px)\" srcset=\"https:\/\/jltservices.fi\/wp-content\/uploads\/2025\/11\/IMG_1502-1024x768.jpeg\">\n\t\t\t\t\t<source media=\"(min-width: 768px)\" srcset=\"https:\/\/jltservices.fi\/wp-content\/uploads\/2025\/11\/IMG_1502-1024x768.jpeg\">\n\t\t\t\t\t<img decoding=\"async\" class=\"spectra-image-gallery__media-thumbnail spectra-image-gallery__media-thumbnail--grid\" src=\"https:\/\/jltservices.fi\/wp-content\/uploads\/2025\/11\/IMG_1502-300x225.jpeg\" alt=\"\" loading=\"lazy\" \/>\n\t\t\t\t<\/picture>\n\t\t\t\t<div class=\"spectra-image-gallery__media-thumbnail-blurrer\"><\/div>\n\t\t\t\t\t\t\t\t\t\t\t<div class=\"spectra-image-gallery__media-thumbnail-caption-wrapper spectra-image-gallery__media-thumbnail-caption-wrapper--overlay\"><\/div>\n\t\t\t\t\t\t\t\t<\/div>\n\t\t\t\t\t\t<\/div>\n\t\t\t\t\t\t<div class='spectra-image-gallery__media-wrapper' data-spectra-gallery-image-id='414' tabindex=\"0\">\n\t\t\t\t\t\t\t<div class=\"spectra-image-gallery__media spectra-image-gallery__media--grid\">\n\t\t\t\t<picture>\n\t\t\t\t\t<source media=\"(min-width: 1024px)\" srcset=\"https:\/\/jltservices.fi\/wp-content\/uploads\/2025\/11\/IMG_1427-1024x768.jpeg\">\n\t\t\t\t\t<source media=\"(min-width: 768px)\" srcset=\"https:\/\/jltservices.fi\/wp-content\/uploads\/2025\/11\/IMG_1427-1024x768.jpeg\">\n\t\t\t\t\t<img decoding=\"async\" class=\"spectra-image-gallery__media-thumbnail spectra-image-gallery__media-thumbnail--grid\" src=\"https:\/\/jltservices.fi\/wp-content\/uploads\/2025\/11\/IMG_1427-300x225.jpeg\" alt=\"\" loading=\"lazy\" \/>\n\t\t\t\t<\/picture>\n\t\t\t\t<div class=\"spectra-image-gallery__media-thumbnail-blurrer\"><\/div>\n\t\t\t\t\t\t\t\t\t\t\t<div class=\"spectra-image-gallery__media-thumbnail-caption-wrapper spectra-image-gallery__media-thumbnail-caption-wrapper--overlay\"><\/div>\n\t\t\t\t\t\t\t\t<\/div>\n\t\t\t\t\t\t<\/div>\n\t\t\t\t\t\t<div class='spectra-image-gallery__media-wrapper' data-spectra-gallery-image-id='716' tabindex=\"0\">\n\t\t\t\t\t\t\t<div class=\"spectra-image-gallery__media spectra-image-gallery__media--grid\">\n\t\t\t\t<picture>\n\t\t\t\t\t<source media=\"(min-width: 1024px)\" srcset=\"https:\/\/jltservices.fi\/wp-content\/uploads\/2026\/02\/WhatsApp-Image-2026-02-03-at-12.10.18-2-1024x768.jpeg\">\n\t\t\t\t\t<source media=\"(min-width: 768px)\" srcset=\"https:\/\/jltservices.fi\/wp-content\/uploads\/2026\/02\/WhatsApp-Image-2026-02-03-at-12.10.18-2-1024x768.jpeg\">\n\t\t\t\t\t<img decoding=\"async\" class=\"spectra-image-gallery__media-thumbnail spectra-image-gallery__media-thumbnail--grid\" src=\"https:\/\/jltservices.fi\/wp-content\/uploads\/2026\/02\/WhatsApp-Image-2026-02-03-at-12.10.18-2-300x225.jpeg\" alt=\"\" loading=\"lazy\" \/>\n\t\t\t\t<\/picture>\n\t\t\t\t<div class=\"spectra-image-gallery__media-thumbnail-blurrer\"><\/div>\n\t\t\t\t\t\t\t\t\t\t\t<div class=\"spectra-image-gallery__media-thumbnail-caption-wrapper spectra-image-gallery__media-thumbnail-caption-wrapper--overlay\"><\/div>\n\t\t\t\t\t\t\t\t<\/div>\n\t\t\t\t\t\t<\/div>\n\t\t\t\t\t\t\t\t\t\t<\/div>\n\t\t\t\t\t\t\t\t\t\t\t\t\t\t\t\t\t\t<\/div>\n\t\t\t\t\t\t\t\t\t<\/div>\n<\/div><\/div>\n","protected":false},"excerpt":{"rendered":"<p>K\u00e4ytetty varaosat<\/p>\n","protected":false},"author":3,"featured_media":686,"parent":48,"menu_order":0,"comment_status":"closed","ping_status":"closed","template":"","meta":{"saved_in_kubio":true,"_uag_custom_page_level_css":"","_monsterinsights_skip_tracking":false,"_monsterinsights_sitenote_active":false,"_monsterinsights_sitenote_note":"","_monsterinsights_sitenote_category":0,"footnotes":""},"class_list":["post-729","page","type-page","status-publish","has-post-thumbnail","hentry","entry"],"aioseo_notices":[],"kubio_ai_page_context":{"short_desc":"","purpose":"general"},"uagb_featured_image_src":{"full":["https:\/\/jltservices.fi\/wp-content\/uploads\/2026\/02\/bakgrundlol2.jpeg",1024,768,false],"thumbnail":["https:\/\/jltservices.fi\/wp-content\/uploads\/2026\/02\/bakgrundlol2-150x150.jpeg",150,150,true],"medium":["https:\/\/jltservices.fi\/wp-content\/uploads\/2026\/02\/bakgrundlol2-300x225.jpeg",300,225,true],"medium_large":["https:\/\/jltservices.fi\/wp-content\/uploads\/2026\/02\/bakgrundlol2-768x576.jpeg",640,480,true],"large":["https:\/\/jltservices.fi\/wp-content\/uploads\/2026\/02\/bakgrundlol2.jpeg",640,480,false],"1536x1536":["https:\/\/jltservices.fi\/wp-content\/uploads\/2026\/02\/bakgrundlol2.jpeg",1024,768,false],"2048x2048":["https:\/\/jltservices.fi\/wp-content\/uploads\/2026\/02\/bakgrundlol2.jpeg",1024,768,false],"kubio-fullhd":["https:\/\/jltservices.fi\/wp-content\/uploads\/2026\/02\/bakgrundlol2.jpeg",1024,768,false],"post-thumbnail":["https:\/\/jltservices.fi\/wp-content\/uploads\/2026\/02\/bakgrundlol2.jpeg",1024,768,false]},"uagb_author_info":{"display_name":"Anton Nilsson","author_link":"https:\/\/jltservices.fi\/index.php\/author\/anton-nilsson\/"},"uagb_comment_info":0,"uagb_excerpt":"K\u00e4ytetty varaosat","jetpack_sharing_enabled":true,"_links":{"self":[{"href":"https:\/\/jltservices.fi\/index.php\/wp-json\/wp\/v2\/pages\/729","targetHints":{"allow":["GET"]}}],"collection":[{"href":"https:\/\/jltservices.fi\/index.php\/wp-json\/wp\/v2\/pages"}],"about":[{"href":"https:\/\/jltservices.fi\/index.php\/wp-json\/wp\/v2\/types\/page"}],"author":[{"embeddable":true,"href":"https:\/\/jltservices.fi\/index.php\/wp-json\/wp\/v2\/users\/3"}],"replies":[{"embeddable":true,"href":"https:\/\/jltservices.fi\/index.php\/wp-json\/wp\/v2\/comments?post=729"}],"version-history":[{"count":5,"href":"https:\/\/jltservices.fi\/index.php\/wp-json\/wp\/v2\/pages\/729\/revisions"}],"predecessor-version":[{"id":916,"href":"https:\/\/jltservices.fi\/index.php\/wp-json\/wp\/v2\/pages\/729\/revisions\/916"}],"up":[{"embeddable":true,"href":"https:\/\/jltservices.fi\/index.php\/wp-json\/wp\/v2\/pages\/48"}],"wp:featuredmedia":[{"embeddable":true,"href":"https:\/\/jltservices.fi\/index.php\/wp-json\/wp\/v2\/media\/686"}],"wp:attachment":[{"href":"https:\/\/jltservices.fi\/index.php\/wp-json\/wp\/v2\/media?parent=729"}],"curies":[{"name":"wp","href":"https:\/\/api.w.org\/{rel}","templated":true}]}}