{"id":731,"date":"2026-02-25T12:16:58","date_gmt":"2026-02-25T10:16:58","guid":{"rendered":"https:\/\/jltservices.fi\/?page_id=731"},"modified":"2026-03-03T07:27:51","modified_gmt":"2026-03-03T05:27:51","slug":"hydrauliikkatyot-2","status":"publish","type":"page","link":"https:\/\/jltservices.fi\/index.php\/om-oss\/hydrauliikkatyot-2\/","title":{"rendered":"Hydrauliikkaty\u00f6t"},"content":{"rendered":"\n\n\n<div class=\"wp-block-uagb-separator uagb-block-d8ba4a77\"><div class=\"wp-block-uagb-separator__inner\" style=\"--my-background-image:\"><\/div><\/div>\n\n\n\n<div class=\"wp-block-uagb-container uagb-block-582b9444 alignfull uagb-is-root-container\"><div class=\"uagb-container-inner-blocks-wrap\">\n<div class=\"wp-block-uagb-container uagb-block-dd9fb15a\">\n<div class=\"wp-block-uagb-advanced-heading uagb-block-cb81500c\"><h2 class=\"uagb-heading-text\">Hydrauliikkaty\u00f6t<\/h2><\/div>\n\n\n\n<div class=\"wp-block-uagb-info-box uagb-block-75822bd4 uagb-infobox__content-wrap  uagb-infobox-icon-above-title uagb-infobox-image-valign-top\"><div class=\"uagb-ifb-content\"><div class=\"uagb-ifb-title-wrap\"><\/div><p class=\"uagb-ifb-desc\">JLT Services:ill\u00e4 on letkupr\u00e4sseja ja siihen kuuluvat tarvikkeet huoltoautossa ja pajalla Linutvuorella.<br><br>Meid\u00e4n varastosta l\u00f6ytyy kaikki tavalliset R-, JIC-, ORFS-, SAE3-, SAE6-, ja SUPERCAT liitimet ja isoin osa putkiliittimist\u00e4. Valikoimasta l\u00f6ytyy my\u00f6s paljon erikoisliittimi\u00e4 ja niit\u00e4 tulee lis\u00e4\u00e4 koko ajan tarpeen mukan. Meill\u00e4 on kaikki palautusletkuista 420baarin letkuihin. Saatte my\u00f6s hydrauli\u00f6ljy\u00e4 meilt\u00e4.<br>&nbsp;<br>Hydraulisylintereiden remontti ja korjaukset sek\u00e4 kaikenlaiset muut hydrauliikkaprojektit kuuluvat meid\u00e4n tavalliseen ty\u00f6p\u00e4iv\u00e4\u00e4n.<\/p><\/div><\/div>\n<\/div>\n\n\n\n<div class=\"wp-block-uagb-container uagb-block-5a09c7de\">\t\t\t\t\t<div\n\t\t\t\t\t\tclass=\"wp-block-uagb-image-gallery uagb-block-a110bf2c     \"\n\t\t\t\t\t\tstyle=\"\"\n\t\t\t\t\t>\n\t\t\t\t\t\t\t\t\t\t\t<div class=\"spectra-image-gallery spectra-image-gallery__layout--grid spectra-image-gallery__layout--grid-col-2 spectra-image-gallery__layout--grid-col-tab-3 spectra-image-gallery__layout--grid-col-mob-2\">\n\t\t\t\t\t\t\t\t\t\t\t<div class='spectra-image-gallery__media-wrapper' data-spectra-gallery-image-id='71' tabindex=\"0\">\n\t\t\t\t\t\t\t<div class=\"spectra-image-gallery__media spectra-image-gallery__media--grid\">\n\t\t\t\t<picture>\n\t\t\t\t\t<source media=\"(min-width: 1024px)\" srcset=\"https:\/\/jltservices.fi\/wp-content\/uploads\/2021\/10\/CC8C8C4E-362B-47DF-BD50-A6FC09837776.jpeg\">\n\t\t\t\t\t<source media=\"(min-width: 768px)\" srcset=\"https:\/\/jltservices.fi\/wp-content\/uploads\/2021\/10\/CC8C8C4E-362B-47DF-BD50-A6FC09837776-1024x1017.jpeg\">\n\t\t\t\t\t<img decoding=\"async\" class=\"spectra-image-gallery__media-thumbnail spectra-image-gallery__media-thumbnail--grid\" src=\"https:\/\/jltservices.fi\/wp-content\/uploads\/2021\/10\/CC8C8C4E-362B-47DF-BD50-A6FC09837776-300x298.jpeg\" alt=\"\" loading=\"lazy\" \/>\n\t\t\t\t<\/picture>\n\t\t\t\t<div class=\"spectra-image-gallery__media-thumbnail-blurrer\"><\/div>\n\t\t\t\t\t\t\t\t\t\t\t<div class=\"spectra-image-gallery__media-thumbnail-caption-wrapper spectra-image-gallery__media-thumbnail-caption-wrapper--overlay\"><\/div>\n\t\t\t\t\t\t\t\t<\/div>\n\t\t\t\t\t\t<\/div>\n\t\t\t\t\t\t<div class='spectra-image-gallery__media-wrapper' data-spectra-gallery-image-id='344' tabindex=\"0\">\n\t\t\t\t\t\t\t<div class=\"spectra-image-gallery__media spectra-image-gallery__media--grid\">\n\t\t\t\t<picture>\n\t\t\t\t\t<source media=\"(min-width: 1024px)\" srcset=\"https:\/\/jltservices.fi\/wp-content\/uploads\/2022\/05\/WhatsApp-Image-2022-05-23-at-6.50.45-PM.jpeg\">\n\t\t\t\t\t<source media=\"(min-width: 768px)\" srcset=\"https:\/\/jltservices.fi\/wp-content\/uploads\/2022\/05\/WhatsApp-Image-2022-05-23-at-6.50.45-PM.jpeg\">\n\t\t\t\t\t<img decoding=\"async\" class=\"spectra-image-gallery__media-thumbnail spectra-image-gallery__media-thumbnail--grid\" src=\"https:\/\/jltservices.fi\/wp-content\/uploads\/2022\/05\/WhatsApp-Image-2022-05-23-at-6.50.45-PM-300x225.jpeg\" alt=\"\" loading=\"lazy\" \/>\n\t\t\t\t<\/picture>\n\t\t\t\t<div class=\"spectra-image-gallery__media-thumbnail-blurrer\"><\/div>\n\t\t\t\t\t\t\t\t\t\t\t<div class=\"spectra-image-gallery__media-thumbnail-caption-wrapper spectra-image-gallery__media-thumbnail-caption-wrapper--overlay\"><\/div>\n\t\t\t\t\t\t\t\t<\/div>\n\t\t\t\t\t\t<\/div>\n\t\t\t\t\t\t<div class='spectra-image-gallery__media-wrapper' data-spectra-gallery-image-id='360' tabindex=\"0\">\n\t\t\t\t\t\t\t<div class=\"spectra-image-gallery__media spectra-image-gallery__media--grid\">\n\t\t\t\t<picture>\n\t\t\t\t\t<source media=\"(min-width: 1024px)\" srcset=\"https:\/\/jltservices.fi\/wp-content\/uploads\/2022\/05\/WhatsApp-Image-2022-05-23-at-7.08.59-PM.jpeg\">\n\t\t\t\t\t<source media=\"(min-width: 768px)\" srcset=\"https:\/\/jltservices.fi\/wp-content\/uploads\/2022\/05\/WhatsApp-Image-2022-05-23-at-7.08.59-PM.jpeg\">\n\t\t\t\t\t<img decoding=\"async\" class=\"spectra-image-gallery__media-thumbnail spectra-image-gallery__media-thumbnail--grid\" src=\"https:\/\/jltservices.fi\/wp-content\/uploads\/2022\/05\/WhatsApp-Image-2022-05-23-at-7.08.59-PM-225x300.jpeg\" alt=\"\" loading=\"lazy\" \/>\n\t\t\t\t<\/picture>\n\t\t\t\t<div class=\"spectra-image-gallery__media-thumbnail-blurrer\"><\/div>\n\t\t\t\t\t\t\t\t\t\t\t<div class=\"spectra-image-gallery__media-thumbnail-caption-wrapper spectra-image-gallery__media-thumbnail-caption-wrapper--overlay\"><\/div>\n\t\t\t\t\t\t\t\t<\/div>\n\t\t\t\t\t\t<\/div>\n\t\t\t\t\t\t\t\t\t\t<\/div>\n\t\t\t\t\t\t\t\t\t\t\t\t\t\t\t\t\t\t<\/div>\n\t\t\t\t\t\t\t\t\t<\/div>\n<\/div><\/div>\n","protected":false},"excerpt":{"rendered":"<p>Hydrauliikkaty\u00f6t<\/p>\n","protected":false},"author":3,"featured_media":686,"parent":48,"menu_order":0,"comment_status":"closed","ping_status":"closed","template":"","meta":{"saved_in_kubio":true,"_uag_custom_page_level_css":"","_monsterinsights_skip_tracking":false,"_monsterinsights_sitenote_active":false,"_monsterinsights_sitenote_note":"","_monsterinsights_sitenote_category":0,"footnotes":""},"class_list":["post-731","page","type-page","status-publish","has-post-thumbnail","hentry","entry"],"aioseo_notices":[],"kubio_ai_page_context":{"short_desc":"","purpose":"general"},"uagb_featured_image_src":{"full":["https:\/\/jltservices.fi\/wp-content\/uploads\/2026\/02\/bakgrundlol2.jpeg",1024,768,false],"thumbnail":["https:\/\/jltservices.fi\/wp-content\/uploads\/2026\/02\/bakgrundlol2-150x150.jpeg",150,150,true],"medium":["https:\/\/jltservices.fi\/wp-content\/uploads\/2026\/02\/bakgrundlol2-300x225.jpeg",300,225,true],"medium_large":["https:\/\/jltservices.fi\/wp-content\/uploads\/2026\/02\/bakgrundlol2-768x576.jpeg",640,480,true],"large":["https:\/\/jltservices.fi\/wp-content\/uploads\/2026\/02\/bakgrundlol2.jpeg",640,480,false],"1536x1536":["https:\/\/jltservices.fi\/wp-content\/uploads\/2026\/02\/bakgrundlol2.jpeg",1024,768,false],"2048x2048":["https:\/\/jltservices.fi\/wp-content\/uploads\/2026\/02\/bakgrundlol2.jpeg",1024,768,false],"kubio-fullhd":["https:\/\/jltservices.fi\/wp-content\/uploads\/2026\/02\/bakgrundlol2.jpeg",1024,768,false],"post-thumbnail":["https:\/\/jltservices.fi\/wp-content\/uploads\/2026\/02\/bakgrundlol2.jpeg",1024,768,false]},"uagb_author_info":{"display_name":"Anton Nilsson","author_link":"https:\/\/jltservices.fi\/index.php\/author\/anton-nilsson\/"},"uagb_comment_info":0,"uagb_excerpt":"Hydrauliikkaty\u00f6t","jetpack_sharing_enabled":true,"_links":{"self":[{"href":"https:\/\/jltservices.fi\/index.php\/wp-json\/wp\/v2\/pages\/731","targetHints":{"allow":["GET"]}}],"collection":[{"href":"https:\/\/jltservices.fi\/index.php\/wp-json\/wp\/v2\/pages"}],"about":[{"href":"https:\/\/jltservices.fi\/index.php\/wp-json\/wp\/v2\/types\/page"}],"author":[{"embeddable":true,"href":"https:\/\/jltservices.fi\/index.php\/wp-json\/wp\/v2\/users\/3"}],"replies":[{"embeddable":true,"href":"https:\/\/jltservices.fi\/index.php\/wp-json\/wp\/v2\/comments?post=731"}],"version-history":[{"count":9,"href":"https:\/\/jltservices.fi\/index.php\/wp-json\/wp\/v2\/pages\/731\/revisions"}],"predecessor-version":[{"id":977,"href":"https:\/\/jltservices.fi\/index.php\/wp-json\/wp\/v2\/pages\/731\/revisions\/977"}],"up":[{"embeddable":true,"href":"https:\/\/jltservices.fi\/index.php\/wp-json\/wp\/v2\/pages\/48"}],"wp:featuredmedia":[{"embeddable":true,"href":"https:\/\/jltservices.fi\/index.php\/wp-json\/wp\/v2\/media\/686"}],"wp:attachment":[{"href":"https:\/\/jltservices.fi\/index.php\/wp-json\/wp\/v2\/media?parent=731"}],"curies":[{"name":"wp","href":"https:\/\/api.w.org\/{rel}","templated":true}]}}