{"id":734,"date":"2026-02-25T12:16:58","date_gmt":"2026-02-25T10:16:58","guid":{"rendered":"https:\/\/jltservices.fi\/?page_id=734"},"modified":"2026-03-02T13:17:09","modified_gmt":"2026-03-02T11:17:09","slug":"metallityot-2","status":"publish","type":"page","link":"https:\/\/jltservices.fi\/index.php\/om-oss\/metallityot-2\/","title":{"rendered":"Metallity\u00f6t"},"content":{"rendered":"\n\n\n<div class=\"wp-block-uagb-separator uagb-block-3004a97f\"><div class=\"wp-block-uagb-separator__inner\" style=\"--my-background-image:\"><\/div><\/div>\n\n\n\n<div class=\"wp-block-uagb-container uagb-block-0d56ad81 alignfull uagb-is-root-container\"><div class=\"uagb-container-inner-blocks-wrap\">\n<div class=\"wp-block-uagb-container uagb-block-59202811\">\n<div class=\"wp-block-uagb-advanced-heading uagb-block-a523ee3b\"><h2 class=\"uagb-heading-text\">Metallity\u00f6t<\/h2><\/div>\n\n\n\n<div class=\"wp-block-uagb-info-box uagb-block-7e61abe5 uagb-infobox__content-wrap  uagb-infobox-icon-above-title uagb-infobox-image-valign-top\"><div class=\"uagb-ifb-content\"><div class=\"uagb-ifb-title-wrap\"><\/div><p class=\"uagb-ifb-desc\">JLT Services tekee joka p\u00e4iv\u00e4 metallit\u00f6it\u00e4 kuten esimerkiksi huulilevyjen vaihtoja kauhoille ja auroille, uudet kulutuspinnat pulvereille sek\u00e4 kivikauhoille, puomien hitsausta ja muuta korjaushitsausta, uusia tuotteita aisiakkaiden piirrustuksien mukaan kuten uudet kauhat jne.<br><br>Hitsauskonevalikoimasta l\u00f6ytyy muutama MIG\/MAG ja puikkokonetta, ACDC Tig kone, kaasuvehkeet jne.<br><br>Valmistamme kaikkenlaisia metallituotteita ter\u00e4ksest\u00e4, kulutuster\u00e4ksest\u00e4, RST, HST, alumiinista, titaanista jne.<\/p><\/div><\/div>\n<\/div>\n\n\n\n<div class=\"wp-block-uagb-container uagb-block-c1cc3306\">\t\t\t\t\t<div\n\t\t\t\t\t\tclass=\"wp-block-uagb-image-gallery uagb-block-1796b3b6     \"\n\t\t\t\t\t\tstyle=\"\"\n\t\t\t\t\t>\n\t\t\t\t\t\t\t\t\t\t\t<div class=\"spectra-image-gallery spectra-image-gallery__layout--grid spectra-image-gallery__layout--grid-col-2 spectra-image-gallery__layout--grid-col-tab-3 spectra-image-gallery__layout--grid-col-mob-2\">\n\t\t\t\t\t\t\t\t\t\t\t<div class='spectra-image-gallery__media-wrapper' data-spectra-gallery-image-id='95' tabindex=\"0\">\n\t\t\t\t\t\t\t<div class=\"spectra-image-gallery__media spectra-image-gallery__media--grid\">\n\t\t\t\t<picture>\n\t\t\t\t\t<source media=\"(min-width: 1024px)\" srcset=\"https:\/\/jltservices.fi\/wp-content\/uploads\/2021\/10\/cdebf2d4-f848-471e-812a-e8de9634efc9.jpg\">\n\t\t\t\t\t<source media=\"(min-width: 768px)\" srcset=\"https:\/\/jltservices.fi\/wp-content\/uploads\/2021\/10\/cdebf2d4-f848-471e-812a-e8de9634efc9.jpg\">\n\t\t\t\t\t<img decoding=\"async\" class=\"spectra-image-gallery__media-thumbnail spectra-image-gallery__media-thumbnail--grid\" src=\"https:\/\/jltservices.fi\/wp-content\/uploads\/2021\/10\/cdebf2d4-f848-471e-812a-e8de9634efc9-225x300.jpg\" alt=\"\" loading=\"lazy\" \/>\n\t\t\t\t<\/picture>\n\t\t\t\t<div class=\"spectra-image-gallery__media-thumbnail-blurrer\"><\/div>\n\t\t\t\t\t\t\t\t\t\t\t<div class=\"spectra-image-gallery__media-thumbnail-caption-wrapper spectra-image-gallery__media-thumbnail-caption-wrapper--overlay\"><\/div>\n\t\t\t\t\t\t\t\t<\/div>\n\t\t\t\t\t\t<\/div>\n\t\t\t\t\t\t<div class='spectra-image-gallery__media-wrapper' data-spectra-gallery-image-id='96' tabindex=\"0\">\n\t\t\t\t\t\t\t<div class=\"spectra-image-gallery__media spectra-image-gallery__media--grid\">\n\t\t\t\t<picture>\n\t\t\t\t\t<source media=\"(min-width: 1024px)\" srcset=\"https:\/\/jltservices.fi\/wp-content\/uploads\/2021\/10\/1e52adfd-e8e4-40fb-bb8b-e0ab18b4bed5.jpg\">\n\t\t\t\t\t<source media=\"(min-width: 768px)\" srcset=\"https:\/\/jltservices.fi\/wp-content\/uploads\/2021\/10\/1e52adfd-e8e4-40fb-bb8b-e0ab18b4bed5.jpg\">\n\t\t\t\t\t<img decoding=\"async\" class=\"spectra-image-gallery__media-thumbnail spectra-image-gallery__media-thumbnail--grid\" src=\"https:\/\/jltservices.fi\/wp-content\/uploads\/2021\/10\/1e52adfd-e8e4-40fb-bb8b-e0ab18b4bed5-225x300.jpg\" alt=\"\" loading=\"lazy\" \/>\n\t\t\t\t<\/picture>\n\t\t\t\t<div class=\"spectra-image-gallery__media-thumbnail-blurrer\"><\/div>\n\t\t\t\t\t\t\t\t\t\t\t<div class=\"spectra-image-gallery__media-thumbnail-caption-wrapper spectra-image-gallery__media-thumbnail-caption-wrapper--overlay\"><\/div>\n\t\t\t\t\t\t\t\t<\/div>\n\t\t\t\t\t\t<\/div>\n\t\t\t\t\t\t<div class='spectra-image-gallery__media-wrapper' data-spectra-gallery-image-id='97' tabindex=\"0\">\n\t\t\t\t\t\t\t<div class=\"spectra-image-gallery__media spectra-image-gallery__media--grid\">\n\t\t\t\t<picture>\n\t\t\t\t\t<source media=\"(min-width: 1024px)\" srcset=\"https:\/\/jltservices.fi\/wp-content\/uploads\/2021\/10\/6466aa44-ae0e-4a23-b9f0-e399c12f23f1.jpg\">\n\t\t\t\t\t<source media=\"(min-width: 768px)\" srcset=\"https:\/\/jltservices.fi\/wp-content\/uploads\/2021\/10\/6466aa44-ae0e-4a23-b9f0-e399c12f23f1.jpg\">\n\t\t\t\t\t<img decoding=\"async\" class=\"spectra-image-gallery__media-thumbnail spectra-image-gallery__media-thumbnail--grid\" src=\"https:\/\/jltservices.fi\/wp-content\/uploads\/2021\/10\/6466aa44-ae0e-4a23-b9f0-e399c12f23f1-225x300.jpg\" alt=\"\" loading=\"lazy\" \/>\n\t\t\t\t<\/picture>\n\t\t\t\t<div class=\"spectra-image-gallery__media-thumbnail-blurrer\"><\/div>\n\t\t\t\t\t\t\t\t\t\t\t<div class=\"spectra-image-gallery__media-thumbnail-caption-wrapper spectra-image-gallery__media-thumbnail-caption-wrapper--overlay\"><\/div>\n\t\t\t\t\t\t\t\t<\/div>\n\t\t\t\t\t\t<\/div>\n\t\t\t\t\t\t<div class='spectra-image-gallery__media-wrapper' data-spectra-gallery-image-id='88' tabindex=\"0\">\n\t\t\t\t\t\t\t<div class=\"spectra-image-gallery__media spectra-image-gallery__media--grid\">\n\t\t\t\t<picture>\n\t\t\t\t\t<source media=\"(min-width: 1024px)\" srcset=\"https:\/\/jltservices.fi\/wp-content\/uploads\/2021\/10\/9b70c408-e9be-412f-9736-2479402c4bba.jpg\">\n\t\t\t\t\t<source media=\"(min-width: 768px)\" srcset=\"https:\/\/jltservices.fi\/wp-content\/uploads\/2021\/10\/9b70c408-e9be-412f-9736-2479402c4bba-768x1024.jpg\">\n\t\t\t\t\t<img decoding=\"async\" class=\"spectra-image-gallery__media-thumbnail spectra-image-gallery__media-thumbnail--grid\" src=\"https:\/\/jltservices.fi\/wp-content\/uploads\/2021\/10\/9b70c408-e9be-412f-9736-2479402c4bba-225x300.jpg\" alt=\"\" loading=\"lazy\" \/>\n\t\t\t\t<\/picture>\n\t\t\t\t<div class=\"spectra-image-gallery__media-thumbnail-blurrer\"><\/div>\n\t\t\t\t\t\t\t\t\t\t\t<div class=\"spectra-image-gallery__media-thumbnail-caption-wrapper spectra-image-gallery__media-thumbnail-caption-wrapper--overlay\"><\/div>\n\t\t\t\t\t\t\t\t<\/div>\n\t\t\t\t\t\t<\/div>\n\t\t\t\t\t\t<div class='spectra-image-gallery__media-wrapper' data-spectra-gallery-image-id='347' tabindex=\"0\">\n\t\t\t\t\t\t\t<div class=\"spectra-image-gallery__media spectra-image-gallery__media--grid\">\n\t\t\t\t<picture>\n\t\t\t\t\t<source media=\"(min-width: 1024px)\" srcset=\"https:\/\/jltservices.fi\/wp-content\/uploads\/2022\/05\/WhatsApp-Image-2022-05-23-at-6.49.38-PM.jpeg\">\n\t\t\t\t\t<source media=\"(min-width: 768px)\" srcset=\"https:\/\/jltservices.fi\/wp-content\/uploads\/2022\/05\/WhatsApp-Image-2022-05-23-at-6.49.38-PM.jpeg\">\n\t\t\t\t\t<img decoding=\"async\" class=\"spectra-image-gallery__media-thumbnail spectra-image-gallery__media-thumbnail--grid\" src=\"https:\/\/jltservices.fi\/wp-content\/uploads\/2022\/05\/WhatsApp-Image-2022-05-23-at-6.49.38-PM-300x225.jpeg\" alt=\"\" loading=\"lazy\" \/>\n\t\t\t\t<\/picture>\n\t\t\t\t<div class=\"spectra-image-gallery__media-thumbnail-blurrer\"><\/div>\n\t\t\t\t\t\t\t\t\t\t\t<div class=\"spectra-image-gallery__media-thumbnail-caption-wrapper spectra-image-gallery__media-thumbnail-caption-wrapper--overlay\"><\/div>\n\t\t\t\t\t\t\t\t<\/div>\n\t\t\t\t\t\t<\/div>\n\t\t\t\t\t\t<div class='spectra-image-gallery__media-wrapper' data-spectra-gallery-image-id='345' tabindex=\"0\">\n\t\t\t\t\t\t\t<div class=\"spectra-image-gallery__media spectra-image-gallery__media--grid\">\n\t\t\t\t<picture>\n\t\t\t\t\t<source media=\"(min-width: 1024px)\" srcset=\"https:\/\/jltservices.fi\/wp-content\/uploads\/2022\/05\/WhatsApp-Image-2022-05-23-at-6.50.25-PM.jpeg\">\n\t\t\t\t\t<source media=\"(min-width: 768px)\" srcset=\"https:\/\/jltservices.fi\/wp-content\/uploads\/2022\/05\/WhatsApp-Image-2022-05-23-at-6.50.25-PM.jpeg\">\n\t\t\t\t\t<img decoding=\"async\" class=\"spectra-image-gallery__media-thumbnail spectra-image-gallery__media-thumbnail--grid\" src=\"https:\/\/jltservices.fi\/wp-content\/uploads\/2022\/05\/WhatsApp-Image-2022-05-23-at-6.50.25-PM-225x300.jpeg\" alt=\"\" loading=\"lazy\" \/>\n\t\t\t\t<\/picture>\n\t\t\t\t<div class=\"spectra-image-gallery__media-thumbnail-blurrer\"><\/div>\n\t\t\t\t\t\t\t\t\t\t\t<div class=\"spectra-image-gallery__media-thumbnail-caption-wrapper spectra-image-gallery__media-thumbnail-caption-wrapper--overlay\"><\/div>\n\t\t\t\t\t\t\t\t<\/div>\n\t\t\t\t\t\t<\/div>\n\t\t\t\t\t\t\t\t\t\t<\/div>\n\t\t\t\t\t\t\t\t\t\t\t\t\t\t\t\t\t\t<\/div>\n\t\t\t\t\t\t\t\t\t<\/div>\n<\/div><\/div>\n","protected":false},"excerpt":{"rendered":"<p>Metallity\u00f6t<\/p>\n","protected":false},"author":3,"featured_media":686,"parent":48,"menu_order":0,"comment_status":"closed","ping_status":"closed","template":"","meta":{"saved_in_kubio":true,"_uag_custom_page_level_css":"","_monsterinsights_skip_tracking":false,"_monsterinsights_sitenote_active":false,"_monsterinsights_sitenote_note":"","_monsterinsights_sitenote_category":0,"footnotes":""},"class_list":["post-734","page","type-page","status-publish","has-post-thumbnail","hentry","entry"],"aioseo_notices":[],"kubio_ai_page_context":{"short_desc":"","purpose":"general"},"uagb_featured_image_src":{"full":["https:\/\/jltservices.fi\/wp-content\/uploads\/2026\/02\/bakgrundlol2.jpeg",1024,768,false],"thumbnail":["https:\/\/jltservices.fi\/wp-content\/uploads\/2026\/02\/bakgrundlol2-150x150.jpeg",150,150,true],"medium":["https:\/\/jltservices.fi\/wp-content\/uploads\/2026\/02\/bakgrundlol2-300x225.jpeg",300,225,true],"medium_large":["https:\/\/jltservices.fi\/wp-content\/uploads\/2026\/02\/bakgrundlol2-768x576.jpeg",640,480,true],"large":["https:\/\/jltservices.fi\/wp-content\/uploads\/2026\/02\/bakgrundlol2.jpeg",640,480,false],"1536x1536":["https:\/\/jltservices.fi\/wp-content\/uploads\/2026\/02\/bakgrundlol2.jpeg",1024,768,false],"2048x2048":["https:\/\/jltservices.fi\/wp-content\/uploads\/2026\/02\/bakgrundlol2.jpeg",1024,768,false],"kubio-fullhd":["https:\/\/jltservices.fi\/wp-content\/uploads\/2026\/02\/bakgrundlol2.jpeg",1024,768,false],"post-thumbnail":["https:\/\/jltservices.fi\/wp-content\/uploads\/2026\/02\/bakgrundlol2.jpeg",1024,768,false]},"uagb_author_info":{"display_name":"Anton Nilsson","author_link":"https:\/\/jltservices.fi\/index.php\/author\/anton-nilsson\/"},"uagb_comment_info":0,"uagb_excerpt":"Metallity\u00f6t","jetpack_sharing_enabled":true,"_links":{"self":[{"href":"https:\/\/jltservices.fi\/index.php\/wp-json\/wp\/v2\/pages\/734","targetHints":{"allow":["GET"]}}],"collection":[{"href":"https:\/\/jltservices.fi\/index.php\/wp-json\/wp\/v2\/pages"}],"about":[{"href":"https:\/\/jltservices.fi\/index.php\/wp-json\/wp\/v2\/types\/page"}],"author":[{"embeddable":true,"href":"https:\/\/jltservices.fi\/index.php\/wp-json\/wp\/v2\/users\/3"}],"replies":[{"embeddable":true,"href":"https:\/\/jltservices.fi\/index.php\/wp-json\/wp\/v2\/comments?post=734"}],"version-history":[{"count":6,"href":"https:\/\/jltservices.fi\/index.php\/wp-json\/wp\/v2\/pages\/734\/revisions"}],"predecessor-version":[{"id":909,"href":"https:\/\/jltservices.fi\/index.php\/wp-json\/wp\/v2\/pages\/734\/revisions\/909"}],"up":[{"embeddable":true,"href":"https:\/\/jltservices.fi\/index.php\/wp-json\/wp\/v2\/pages\/48"}],"wp:featuredmedia":[{"embeddable":true,"href":"https:\/\/jltservices.fi\/index.php\/wp-json\/wp\/v2\/media\/686"}],"wp:attachment":[{"href":"https:\/\/jltservices.fi\/index.php\/wp-json\/wp\/v2\/media?parent=734"}],"curies":[{"name":"wp","href":"https:\/\/api.w.org\/{rel}","templated":true}]}}