{"id":735,"date":"2026-02-25T12:16:58","date_gmt":"2026-02-25T10:16:58","guid":{"rendered":"https:\/\/jltservices.fi\/?page_id=735"},"modified":"2026-03-23T10:01:20","modified_gmt":"2026-03-23T08:01:20","slug":"yrityksesta-2","status":"publish","type":"page","link":"https:\/\/jltservices.fi\/","title":{"rendered":"Yrityksest\u00e4"},"content":{"rendered":"\n\n\n<div class=\"wp-block-uagb-separator uagb-block-426d8df0\"><div class=\"wp-block-uagb-separator__inner\" style=\"--my-background-image:\"><\/div><\/div>\n\n\n\n<div class=\"wp-block-uagb-container uagb-block-b3efe1a6 alignfull uagb-is-root-container\"><div class=\"uagb-container-inner-blocks-wrap\">\n<div class=\"wp-block-uagb-container uagb-block-a99ceb1e\">\n<div class=\"wp-block-uagb-advanced-heading uagb-block-9d8b0787\"><h2 class=\"uagb-heading-text\">JLT Services<\/h2><\/div>\n\n\n\n<div class=\"wp-block-uagb-info-box uagb-block-2255d6fd uagb-infobox__content-wrap  uagb-infobox-icon-above-title uagb-infobox-image-valign-top\"><div class=\"uagb-ifb-content\"><div class=\"uagb-ifb-title-wrap\"><\/div><p class=\"uagb-ifb-desc\">JLT Services on perheyritys perustettu vuonna 2018. Teemme monenlaisia t\u00f6it\u00e4 raskaiden koneiden ja raskaan kaluston huolto- ja korjaust\u00f6it\u00e4, metallity\u00f6t, puiden kaato, aarporaus, hydrauliikkaj\u00e4rjestelmien huolto ja hydrauliikkaletkujen teett\u00e4minen.<br><br>Sijaitsemme Mustasaaressa mutta teemme t\u00f6it\u00e4 my\u00f6s muualla Suomessa ja ulkomailla. Palvelemme yksityisasiakkaita, yrityksi\u00e4 ja teollisuuksia. Olemme my\u00f6s valmiita tulemaan huoltoautojen kanssa paikan p\u00e4\u00e4lle lyhyell\u00e4 varoitusajalla.<br><br>Olemme joustavia ja teemme isoja ja pieni\u00e4 hankkeita. Emme pelk\u00e4\u00e4 haasteita. Olemme kiinnostuneita uudesta tekniikasta ja katsomme pulmia sek\u00e4 uusista n\u00e4k\u00f6kulmista ett\u00e4 hyviksi osoittautuneista k\u00e4yt\u00e4nn\u00f6ist\u00e4 laatua s\u00e4\u00e4stelem\u00e4tt\u00e4.<br><br>\u00c4l\u00e4 ep\u00e4r\u00f6i ottaa yhteytt\u00e4!<\/p><\/div><\/div>\n<\/div>\n\n\n\n<div class=\"wp-block-uagb-container uagb-block-029f1584\">\n<div class=\"wp-block-uagb-image uagb-block-866ccbc6 wp-block-uagb-image--layout-default wp-block-uagb-image--effect-static wp-block-uagb-image--align-none\"><figure class=\"wp-block-uagb-image__figure\"><img decoding=\"async\" srcset=\"https:\/\/jltservices.fi\/wp-content\/uploads\/2021\/10\/jlt-services-svart-logo-2018.png ,https:\/\/jltservices.fi\/wp-content\/uploads\/2021\/10\/jlt-services-svart-logo-2018.png 780w, https:\/\/jltservices.fi\/wp-content\/uploads\/2021\/10\/jlt-services-svart-logo-2018.png 360w\" sizes=\"(max-width: 480px) 150px\" src=\"https:\/\/jltservices.fi\/wp-content\/uploads\/2021\/10\/jlt-services-svart-logo-2018.png\" alt=\"\" class=\"uag-image-79\" width=\"901\" height=\"234\" title=\"\" loading=\"lazy\" role=\"img\"\/><\/figure><\/div>\n\n\n\t\t\t\t\t<div\n\t\t\t\t\t\tclass=\"wp-block-uagb-image-gallery uagb-block-6ba44a4b     \"\n\t\t\t\t\t\tstyle=\"\"\n\t\t\t\t\t>\n\t\t\t\t\t\t\t\t\t\t\t<div class=\"spectra-image-gallery spectra-image-gallery__layout--carousel\">\n\t\t\t\t\t\t\t\t<div class=\"uagb-slick-carousel uagb-block-6ba44a4b\">\n\t\t\t\t\t\t\t\t\t\t\t\t<div class='spectra-image-gallery__media-wrapper' data-spectra-gallery-image-id='573'>\n\t\t\t\t\t\t\t<div class=\"spectra-image-gallery__media spectra-image-gallery__media--carousel\">\n\t\t\t\t<picture>\n\t\t\t\t\t<source media=\"(min-width: 1024px)\" srcset=\"https:\/\/jltservices.fi\/wp-content\/uploads\/2026\/02\/WhatsApp-Image-2026-02-13-at-12.06.37.jpeg\">\n\t\t\t\t\t<source media=\"(min-width: 768px)\" srcset=\"https:\/\/jltservices.fi\/wp-content\/uploads\/2026\/02\/WhatsApp-Image-2026-02-13-at-12.06.37-1024x768.jpeg\">\n\t\t\t\t\t<img decoding=\"async\" class=\"spectra-image-gallery__media-thumbnail spectra-image-gallery__media-thumbnail--carousel\" src=\"https:\/\/jltservices.fi\/wp-content\/uploads\/2026\/02\/WhatsApp-Image-2026-02-13-at-12.06.37-300x225.jpeg\" alt=\"\" loading=\"lazy\" \/>\n\t\t\t\t<\/picture>\n\t\t\t\t<div class=\"spectra-image-gallery__media-thumbnail-blurrer\"><\/div>\n\t\t\t\t\t\t\t\t\t\t\t<div class=\"spectra-image-gallery__media-thumbnail-caption-wrapper spectra-image-gallery__media-thumbnail-caption-wrapper--overlay\"><\/div>\n\t\t\t\t\t\t\t\t<\/div>\n\t\t\t\t\t\t<\/div>\n\t\t\t\t\t\t<div class='spectra-image-gallery__media-wrapper' data-spectra-gallery-image-id='574'>\n\t\t\t\t\t\t\t<div class=\"spectra-image-gallery__media spectra-image-gallery__media--carousel\">\n\t\t\t\t<picture>\n\t\t\t\t\t<source media=\"(min-width: 1024px)\" srcset=\"https:\/\/jltservices.fi\/wp-content\/uploads\/2026\/02\/WhatsApp-Image-2026-02-13-at-12.06.42-1.jpeg\">\n\t\t\t\t\t<source media=\"(min-width: 768px)\" srcset=\"https:\/\/jltservices.fi\/wp-content\/uploads\/2026\/02\/WhatsApp-Image-2026-02-13-at-12.06.42-1-768x1024.jpeg\">\n\t\t\t\t\t<img decoding=\"async\" class=\"spectra-image-gallery__media-thumbnail spectra-image-gallery__media-thumbnail--carousel\" src=\"https:\/\/jltservices.fi\/wp-content\/uploads\/2026\/02\/WhatsApp-Image-2026-02-13-at-12.06.42-1-225x300.jpeg\" alt=\"\" loading=\"lazy\" \/>\n\t\t\t\t<\/picture>\n\t\t\t\t<div class=\"spectra-image-gallery__media-thumbnail-blurrer\"><\/div>\n\t\t\t\t\t\t\t\t\t\t\t<div class=\"spectra-image-gallery__media-thumbnail-caption-wrapper spectra-image-gallery__media-thumbnail-caption-wrapper--overlay\"><\/div>\n\t\t\t\t\t\t\t\t<\/div>\n\t\t\t\t\t\t<\/div>\n\t\t\t\t\t\t<div class='spectra-image-gallery__media-wrapper' data-spectra-gallery-image-id='575'>\n\t\t\t\t\t\t\t<div class=\"spectra-image-gallery__media spectra-image-gallery__media--carousel\">\n\t\t\t\t<picture>\n\t\t\t\t\t<source media=\"(min-width: 1024px)\" srcset=\"https:\/\/jltservices.fi\/wp-content\/uploads\/2026\/02\/WhatsApp-Image-2026-02-13-at-12.09.21-1.jpeg\">\n\t\t\t\t\t<source media=\"(min-width: 768px)\" srcset=\"https:\/\/jltservices.fi\/wp-content\/uploads\/2026\/02\/WhatsApp-Image-2026-02-13-at-12.09.21-1-768x1024.jpeg\">\n\t\t\t\t\t<img decoding=\"async\" class=\"spectra-image-gallery__media-thumbnail spectra-image-gallery__media-thumbnail--carousel\" src=\"https:\/\/jltservices.fi\/wp-content\/uploads\/2026\/02\/WhatsApp-Image-2026-02-13-at-12.09.21-1-225x300.jpeg\" alt=\"\" loading=\"lazy\" \/>\n\t\t\t\t<\/picture>\n\t\t\t\t<div class=\"spectra-image-gallery__media-thumbnail-blurrer\"><\/div>\n\t\t\t\t\t\t\t\t\t\t\t<div class=\"spectra-image-gallery__media-thumbnail-caption-wrapper spectra-image-gallery__media-thumbnail-caption-wrapper--overlay\"><\/div>\n\t\t\t\t\t\t\t\t<\/div>\n\t\t\t\t\t\t<\/div>\n\t\t\t\t\t\t<div class='spectra-image-gallery__media-wrapper' data-spectra-gallery-image-id='576'>\n\t\t\t\t\t\t\t<div class=\"spectra-image-gallery__media spectra-image-gallery__media--carousel\">\n\t\t\t\t<picture>\n\t\t\t\t\t<source media=\"(min-width: 1024px)\" srcset=\"https:\/\/jltservices.fi\/wp-content\/uploads\/2026\/02\/WhatsApp-Image-2026-02-13-at-12.09.21.jpeg\">\n\t\t\t\t\t<source media=\"(min-width: 768px)\" srcset=\"https:\/\/jltservices.fi\/wp-content\/uploads\/2026\/02\/WhatsApp-Image-2026-02-13-at-12.09.21-1024x768.jpeg\">\n\t\t\t\t\t<img decoding=\"async\" class=\"spectra-image-gallery__media-thumbnail spectra-image-gallery__media-thumbnail--carousel\" src=\"https:\/\/jltservices.fi\/wp-content\/uploads\/2026\/02\/WhatsApp-Image-2026-02-13-at-12.09.21-300x225.jpeg\" alt=\"\" loading=\"lazy\" \/>\n\t\t\t\t<\/picture>\n\t\t\t\t<div class=\"spectra-image-gallery__media-thumbnail-blurrer\"><\/div>\n\t\t\t\t\t\t\t\t\t\t\t<div class=\"spectra-image-gallery__media-thumbnail-caption-wrapper spectra-image-gallery__media-thumbnail-caption-wrapper--overlay\"><\/div>\n\t\t\t\t\t\t\t\t<\/div>\n\t\t\t\t\t\t<\/div>\n\t\t\t\t\t\t<div class='spectra-image-gallery__media-wrapper' data-spectra-gallery-image-id='415'>\n\t\t\t\t\t\t\t<div class=\"spectra-image-gallery__media spectra-image-gallery__media--carousel\">\n\t\t\t\t<picture>\n\t\t\t\t\t<source media=\"(min-width: 1024px)\" srcset=\"https:\/\/jltservices.fi\/wp-content\/uploads\/2025\/11\/IMG_1502.jpeg\">\n\t\t\t\t\t<source media=\"(min-width: 768px)\" srcset=\"https:\/\/jltservices.fi\/wp-content\/uploads\/2025\/11\/IMG_1502-1024x768.jpeg\">\n\t\t\t\t\t<img decoding=\"async\" class=\"spectra-image-gallery__media-thumbnail spectra-image-gallery__media-thumbnail--carousel\" src=\"https:\/\/jltservices.fi\/wp-content\/uploads\/2025\/11\/IMG_1502-300x225.jpeg\" alt=\"\" loading=\"lazy\" \/>\n\t\t\t\t<\/picture>\n\t\t\t\t<div class=\"spectra-image-gallery__media-thumbnail-blurrer\"><\/div>\n\t\t\t\t\t\t\t\t\t\t\t<div class=\"spectra-image-gallery__media-thumbnail-caption-wrapper spectra-image-gallery__media-thumbnail-caption-wrapper--overlay\"><\/div>\n\t\t\t\t\t\t\t\t<\/div>\n\t\t\t\t\t\t<\/div>\n\t\t\t\t\t\t<div class='spectra-image-gallery__media-wrapper' data-spectra-gallery-image-id='482'>\n\t\t\t\t\t\t\t<div class=\"spectra-image-gallery__media spectra-image-gallery__media--carousel\">\n\t\t\t\t<picture>\n\t\t\t\t\t<source media=\"(min-width: 1024px)\" srcset=\"https:\/\/jltservices.fi\/wp-content\/uploads\/2025\/12\/traktorbild3.jpg\">\n\t\t\t\t\t<source media=\"(min-width: 768px)\" srcset=\"https:\/\/jltservices.fi\/wp-content\/uploads\/2025\/12\/traktorbild3-1024x727.jpg\">\n\t\t\t\t\t<img decoding=\"async\" class=\"spectra-image-gallery__media-thumbnail spectra-image-gallery__media-thumbnail--carousel\" src=\"https:\/\/jltservices.fi\/wp-content\/uploads\/2025\/12\/traktorbild3-300x213.jpg\" alt=\"\" loading=\"lazy\" \/>\n\t\t\t\t<\/picture>\n\t\t\t\t<div class=\"spectra-image-gallery__media-thumbnail-blurrer\"><\/div>\n\t\t\t\t\t\t\t\t\t\t\t<div class=\"spectra-image-gallery__media-thumbnail-caption-wrapper spectra-image-gallery__media-thumbnail-caption-wrapper--overlay\"><\/div>\n\t\t\t\t\t\t\t\t<\/div>\n\t\t\t\t\t\t<\/div>\n\t\t\t\t\t\t<div class='spectra-image-gallery__media-wrapper' data-spectra-gallery-image-id='86'>\n\t\t\t\t\t\t\t<div class=\"spectra-image-gallery__media spectra-image-gallery__media--carousel\">\n\t\t\t\t<picture>\n\t\t\t\t\t<source media=\"(min-width: 1024px)\" srcset=\"https:\/\/jltservices.fi\/wp-content\/uploads\/2021\/10\/4ef1bdcb-b811-4cd4-8c1e-4d7d10df988e.jpg\">\n\t\t\t\t\t<source media=\"(min-width: 768px)\" srcset=\"https:\/\/jltservices.fi\/wp-content\/uploads\/2021\/10\/4ef1bdcb-b811-4cd4-8c1e-4d7d10df988e-915x1024.jpg\">\n\t\t\t\t\t<img decoding=\"async\" class=\"spectra-image-gallery__media-thumbnail spectra-image-gallery__media-thumbnail--carousel\" src=\"https:\/\/jltservices.fi\/wp-content\/uploads\/2021\/10\/4ef1bdcb-b811-4cd4-8c1e-4d7d10df988e-268x300.jpg\" alt=\"\" loading=\"lazy\" \/>\n\t\t\t\t<\/picture>\n\t\t\t\t<div class=\"spectra-image-gallery__media-thumbnail-blurrer\"><\/div>\n\t\t\t\t\t\t\t\t\t\t\t<div class=\"spectra-image-gallery__media-thumbnail-caption-wrapper spectra-image-gallery__media-thumbnail-caption-wrapper--overlay\"><\/div>\n\t\t\t\t\t\t\t\t<\/div>\n\t\t\t\t\t\t<\/div>\n\t\t\t\t\t\t<div class='spectra-image-gallery__media-wrapper' data-spectra-gallery-image-id='88'>\n\t\t\t\t\t\t\t<div class=\"spectra-image-gallery__media spectra-image-gallery__media--carousel\">\n\t\t\t\t<picture>\n\t\t\t\t\t<source media=\"(min-width: 1024px)\" srcset=\"https:\/\/jltservices.fi\/wp-content\/uploads\/2021\/10\/9b70c408-e9be-412f-9736-2479402c4bba.jpg\">\n\t\t\t\t\t<source media=\"(min-width: 768px)\" srcset=\"https:\/\/jltservices.fi\/wp-content\/uploads\/2021\/10\/9b70c408-e9be-412f-9736-2479402c4bba-768x1024.jpg\">\n\t\t\t\t\t<img decoding=\"async\" class=\"spectra-image-gallery__media-thumbnail spectra-image-gallery__media-thumbnail--carousel\" src=\"https:\/\/jltservices.fi\/wp-content\/uploads\/2021\/10\/9b70c408-e9be-412f-9736-2479402c4bba-225x300.jpg\" alt=\"\" loading=\"lazy\" \/>\n\t\t\t\t<\/picture>\n\t\t\t\t<div class=\"spectra-image-gallery__media-thumbnail-blurrer\"><\/div>\n\t\t\t\t\t\t\t\t\t\t\t<div class=\"spectra-image-gallery__media-thumbnail-caption-wrapper spectra-image-gallery__media-thumbnail-caption-wrapper--overlay\"><\/div>\n\t\t\t\t\t\t\t\t<\/div>\n\t\t\t\t\t\t<\/div>\n\t\t\t\t\t\t<div class='spectra-image-gallery__media-wrapper' data-spectra-gallery-image-id='69'>\n\t\t\t\t\t\t\t<div class=\"spectra-image-gallery__media spectra-image-gallery__media--carousel\">\n\t\t\t\t<picture>\n\t\t\t\t\t<source media=\"(min-width: 1024px)\" srcset=\"https:\/\/jltservices.fi\/wp-content\/uploads\/2021\/10\/28F2ABDB-9222-4881-AA42-7775E63C75E3.jpeg\">\n\t\t\t\t\t<source media=\"(min-width: 768px)\" srcset=\"https:\/\/jltservices.fi\/wp-content\/uploads\/2021\/10\/28F2ABDB-9222-4881-AA42-7775E63C75E3-1024x1018.jpeg\">\n\t\t\t\t\t<img decoding=\"async\" class=\"spectra-image-gallery__media-thumbnail spectra-image-gallery__media-thumbnail--carousel\" src=\"https:\/\/jltservices.fi\/wp-content\/uploads\/2021\/10\/28F2ABDB-9222-4881-AA42-7775E63C75E3-300x298.jpeg\" alt=\"\" loading=\"lazy\" \/>\n\t\t\t\t<\/picture>\n\t\t\t\t<div class=\"spectra-image-gallery__media-thumbnail-blurrer\"><\/div>\n\t\t\t\t\t\t\t\t\t\t\t<div class=\"spectra-image-gallery__media-thumbnail-caption-wrapper spectra-image-gallery__media-thumbnail-caption-wrapper--overlay\"><\/div>\n\t\t\t\t\t\t\t\t<\/div>\n\t\t\t\t\t\t<\/div>\n\t\t\t\t\t\t<div class='spectra-image-gallery__media-wrapper' data-spectra-gallery-image-id='288'>\n\t\t\t\t\t\t\t<div class=\"spectra-image-gallery__media spectra-image-gallery__media--carousel\">\n\t\t\t\t<picture>\n\t\t\t\t\t<source media=\"(min-width: 1024px)\" srcset=\"https:\/\/jltservices.fi\/wp-content\/uploads\/2021\/11\/IMG_32201.png\">\n\t\t\t\t\t<source media=\"(min-width: 768px)\" srcset=\"https:\/\/jltservices.fi\/wp-content\/uploads\/2021\/11\/IMG_32201-1024x771.png\">\n\t\t\t\t\t<img decoding=\"async\" class=\"spectra-image-gallery__media-thumbnail spectra-image-gallery__media-thumbnail--carousel\" src=\"https:\/\/jltservices.fi\/wp-content\/uploads\/2021\/11\/IMG_32201-300x226.png\" alt=\"\" loading=\"lazy\" \/>\n\t\t\t\t<\/picture>\n\t\t\t\t<div class=\"spectra-image-gallery__media-thumbnail-blurrer\"><\/div>\n\t\t\t\t\t\t\t\t\t\t\t<div class=\"spectra-image-gallery__media-thumbnail-caption-wrapper spectra-image-gallery__media-thumbnail-caption-wrapper--overlay\"><\/div>\n\t\t\t\t\t\t\t\t<\/div>\n\t\t\t\t\t\t<\/div>\n\t\t\t\t\t\t\t\t\t\t\t<\/div>\n\t\t\t\t\t\t\t<\/div>\n\t\t\t\t\t\t\t\t\t\t\t<\/div>\n\t\t\t\t\t\t\t\t\t\n\n\t\t\t\t\t<div\n\t\t\t\t\t\tclass=\"wp-block-uagb-image-gallery uagb-block-464651bd     \"\n\t\t\t\t\t\tstyle=\"\"\n\t\t\t\t\t>\n\t\t\t\t\t\t\t\t\t\t\t<div class=\"spectra-image-gallery spectra-image-gallery__layout--carousel\">\n\t\t\t\t\t\t\t\t<div class=\"uagb-slick-carousel uagb-block-464651bd\">\n\t\t\t\t\t\t\t\t\t\t\t\t<div class='spectra-image-gallery__media-wrapper' data-spectra-gallery-image-id='565'>\n\t\t\t\t\t\t\t<div class=\"spectra-image-gallery__media spectra-image-gallery__media--carousel\">\n\t\t\t\t<picture>\n\t\t\t\t\t<source media=\"(min-width: 1024px)\" srcset=\"https:\/\/jltservices.fi\/wp-content\/uploads\/2026\/02\/Brand-Engcon-SVART-GULBG-300x98.jpg\">\n\t\t\t\t\t<source media=\"(min-width: 768px)\" srcset=\"https:\/\/jltservices.fi\/wp-content\/uploads\/2026\/02\/Brand-Engcon-SVART-GULBG-1024x336.jpg\">\n\t\t\t\t\t<img decoding=\"async\" class=\"spectra-image-gallery__media-thumbnail spectra-image-gallery__media-thumbnail--carousel\" src=\"https:\/\/jltservices.fi\/wp-content\/uploads\/2026\/02\/Brand-Engcon-SVART-GULBG-300x98.jpg\" alt=\"\" loading=\"lazy\" \/>\n\t\t\t\t<\/picture>\n\t\t\t\t<div class=\"spectra-image-gallery__media-thumbnail-blurrer\"><\/div>\n\t\t\t\t\t\t\t\t\t\t\t<div class=\"spectra-image-gallery__media-thumbnail-caption-wrapper spectra-image-gallery__media-thumbnail-caption-wrapper--overlay\"><\/div>\n\t\t\t\t\t\t\t\t<\/div>\n\t\t\t\t\t\t<\/div>\n\t\t\t\t\t\t<div class='spectra-image-gallery__media-wrapper' data-spectra-gallery-image-id='566'>\n\t\t\t\t\t\t\t<div class=\"spectra-image-gallery__media spectra-image-gallery__media--carousel\">\n\t\t\t\t<picture>\n\t\t\t\t\t<source media=\"(min-width: 1024px)\" srcset=\"https:\/\/jltservices.fi\/wp-content\/uploads\/2026\/02\/rammer-logo-png_seeklogo-115699-300x300.png\">\n\t\t\t\t\t<source media=\"(min-width: 768px)\" srcset=\"https:\/\/jltservices.fi\/wp-content\/uploads\/2026\/02\/rammer-logo-png_seeklogo-115699.png\">\n\t\t\t\t\t<img decoding=\"async\" class=\"spectra-image-gallery__media-thumbnail spectra-image-gallery__media-thumbnail--carousel\" src=\"https:\/\/jltservices.fi\/wp-content\/uploads\/2026\/02\/rammer-logo-png_seeklogo-115699-300x300.png\" alt=\"\" loading=\"lazy\" \/>\n\t\t\t\t<\/picture>\n\t\t\t\t<div class=\"spectra-image-gallery__media-thumbnail-blurrer\"><\/div>\n\t\t\t\t\t\t\t\t\t\t\t<div class=\"spectra-image-gallery__media-thumbnail-caption-wrapper spectra-image-gallery__media-thumbnail-caption-wrapper--overlay\"><\/div>\n\t\t\t\t\t\t\t\t<\/div>\n\t\t\t\t\t\t<\/div>\n\t\t\t\t\t\t<div class='spectra-image-gallery__media-wrapper' data-spectra-gallery-image-id='567'>\n\t\t\t\t\t\t\t<div class=\"spectra-image-gallery__media spectra-image-gallery__media--carousel\">\n\t\t\t\t<picture>\n\t\t\t\t\t<source media=\"(min-width: 1024px)\" srcset=\"https:\/\/jltservices.fi\/wp-content\/uploads\/2026\/02\/Rototilt_logo_MNblue-Red_PMS-300x49.png\">\n\t\t\t\t\t<source media=\"(min-width: 768px)\" srcset=\"https:\/\/jltservices.fi\/wp-content\/uploads\/2026\/02\/Rototilt_logo_MNblue-Red_PMS-1024x168.png\">\n\t\t\t\t\t<img decoding=\"async\" class=\"spectra-image-gallery__media-thumbnail spectra-image-gallery__media-thumbnail--carousel\" src=\"https:\/\/jltservices.fi\/wp-content\/uploads\/2026\/02\/Rototilt_logo_MNblue-Red_PMS-300x49.png\" alt=\"\" loading=\"lazy\" \/>\n\t\t\t\t<\/picture>\n\t\t\t\t<div class=\"spectra-image-gallery__media-thumbnail-blurrer\"><\/div>\n\t\t\t\t\t\t\t\t\t\t\t<div class=\"spectra-image-gallery__media-thumbnail-caption-wrapper spectra-image-gallery__media-thumbnail-caption-wrapper--overlay\"><\/div>\n\t\t\t\t\t\t\t\t<\/div>\n\t\t\t\t\t\t<\/div>\n\t\t\t\t\t\t<div class='spectra-image-gallery__media-wrapper' data-spectra-gallery-image-id='568'>\n\t\t\t\t\t\t\t<div class=\"spectra-image-gallery__media spectra-image-gallery__media--carousel\">\n\t\t\t\t<picture>\n\t\t\t\t\t<source media=\"(min-width: 1024px)\" srcset=\"https:\/\/jltservices.fi\/wp-content\/uploads\/2026\/02\/steelwrist-marke-2016-tagline-300x84.png\">\n\t\t\t\t\t<source media=\"(min-width: 768px)\" srcset=\"https:\/\/jltservices.fi\/wp-content\/uploads\/2026\/02\/steelwrist-marke-2016-tagline-1024x286.png\">\n\t\t\t\t\t<img decoding=\"async\" class=\"spectra-image-gallery__media-thumbnail spectra-image-gallery__media-thumbnail--carousel\" src=\"https:\/\/jltservices.fi\/wp-content\/uploads\/2026\/02\/steelwrist-marke-2016-tagline-300x84.png\" alt=\"\" loading=\"lazy\" \/>\n\t\t\t\t<\/picture>\n\t\t\t\t<div class=\"spectra-image-gallery__media-thumbnail-blurrer\"><\/div>\n\t\t\t\t\t\t\t\t\t\t\t<div class=\"spectra-image-gallery__media-thumbnail-caption-wrapper spectra-image-gallery__media-thumbnail-caption-wrapper--overlay\"><\/div>\n\t\t\t\t\t\t\t\t<\/div>\n\t\t\t\t\t\t<\/div>\n\t\t\t\t\t\t<div class='spectra-image-gallery__media-wrapper' data-spectra-gallery-image-id='605'>\n\t\t\t\t\t\t\t<div class=\"spectra-image-gallery__media spectra-image-gallery__media--carousel\">\n\t\t\t\t<picture>\n\t\t\t\t\t<source media=\"(min-width: 1024px)\" srcset=\"https:\/\/jltservices.fi\/wp-content\/uploads\/2026\/02\/Kverneland-Logo-gif-g19jefcc75.jpg\">\n\t\t\t\t\t<source media=\"(min-width: 768px)\" srcset=\"https:\/\/jltservices.fi\/wp-content\/uploads\/2026\/02\/Kverneland-Logo-gif-g19jefcc75.jpg\">\n\t\t\t\t\t<img decoding=\"async\" class=\"spectra-image-gallery__media-thumbnail spectra-image-gallery__media-thumbnail--carousel\" src=\"https:\/\/jltservices.fi\/wp-content\/uploads\/2026\/02\/Kverneland-Logo-gif-g19jefcc75.jpg\" alt=\"\" loading=\"lazy\" \/>\n\t\t\t\t<\/picture>\n\t\t\t\t<div class=\"spectra-image-gallery__media-thumbnail-blurrer\"><\/div>\n\t\t\t\t\t\t\t\t\t\t\t<div class=\"spectra-image-gallery__media-thumbnail-caption-wrapper spectra-image-gallery__media-thumbnail-caption-wrapper--overlay\"><\/div>\n\t\t\t\t\t\t\t\t<\/div>\n\t\t\t\t\t\t<\/div>\n\t\t\t\t\t\t<div class='spectra-image-gallery__media-wrapper' data-spectra-gallery-image-id='461'>\n\t\t\t\t\t\t\t<div class=\"spectra-image-gallery__media spectra-image-gallery__media--carousel\">\n\t\t\t\t<picture>\n\t\t\t\t\t<source media=\"(min-width: 1024px)\" srcset=\"https:\/\/jltservices.fi\/wp-content\/uploads\/2025\/11\/New_Holland_logo_PNG6-300x95.png\">\n\t\t\t\t\t<source media=\"(min-width: 768px)\" srcset=\"https:\/\/jltservices.fi\/wp-content\/uploads\/2025\/11\/New_Holland_logo_PNG6-1024x324.png\">\n\t\t\t\t\t<img decoding=\"async\" class=\"spectra-image-gallery__media-thumbnail spectra-image-gallery__media-thumbnail--carousel\" src=\"https:\/\/jltservices.fi\/wp-content\/uploads\/2025\/11\/New_Holland_logo_PNG6-300x95.png\" alt=\"\" loading=\"lazy\" \/>\n\t\t\t\t<\/picture>\n\t\t\t\t<div class=\"spectra-image-gallery__media-thumbnail-blurrer\"><\/div>\n\t\t\t\t\t\t\t\t\t\t\t<div class=\"spectra-image-gallery__media-thumbnail-caption-wrapper spectra-image-gallery__media-thumbnail-caption-wrapper--overlay\"><\/div>\n\t\t\t\t\t\t\t\t<\/div>\n\t\t\t\t\t\t<\/div>\n\t\t\t\t\t\t\t\t\t\t\t<\/div>\n\t\t\t\t\t\t\t<\/div>\n\t\t\t\t\t\t\t\t\t\t\t<\/div>\n\t\t\t\t\t\t\t\t\t<\/div>\n<\/div><\/div>\n\n\n\n<div class=\"wp-block-uagb-container uagb-layout-flex uagb-block-0811aa44 default uagb-is-root-container\">\n<div class=\"wp-block-uagb-container uagb-block-be64db99\">\n<div class=\"wp-block-uagb-team uagb-team__image-position-above uagb-team__align-center uagb-team__stack-tablet uagb-block-5fd9d615\"><div class=\"uagb-team__content\"><h3 class=\"uagb-team__title\">Joakim Nylund<\/h3><span class=\"uagb-team__prefix\">CEO\/Workshop Manager<\/span><p class=\"uagb-team__desc\">+358 40 560 0385<br><a href=\"mailto:info@jltservices.fi\">info@jltservices.fi<\/a><\/p><\/div><\/div>\n<\/div>\n\n\n\n<div class=\"wp-block-uagb-container uagb-block-05a36d4a\">\n<div class=\"wp-block-uagb-team uagb-team__image-position-above uagb-team__align-center uagb-team__stack-tablet uagb-block-3a1070a8\"><div class=\"uagb-team__content\"><h3 class=\"uagb-team__title\">Linus Nylund<\/h3><span class=\"uagb-team__prefix\">Office\/Finance<\/span><p class=\"uagb-team__desc\">+358 40 826 6935<br><a href=\"mailto:linus.nylund@jltservices.fi\">linus.nylund@jltservices.fi<\/a><\/p><\/div><\/div>\n<\/div>\n<\/div>\n\n\n\n<div class=\"wp-block-uagb-container uagb-block-d5e915c4 alignfull uagb-is-root-container\"><div class=\"uagb-container-inner-blocks-wrap\">\n<div class=\"wp-block-uagb-container uagb-block-67f6e079\">\n<div class=\"wp-block-uagb-team uagb-team__image-position-above uagb-team__align-center uagb-team__stack-tablet uagb-block-666ac446\"><div class=\"uagb-team__content\"><h3 class=\"uagb-team__title\">Anton Nilsson<\/h3><span class=\"uagb-team__prefix\">Sales\/Parts Agent<\/span><p class=\"uagb-team__desc\">+358 40 350 0467<br><a href=\"mailto:anton.nilsson@jltparts.fi\">anton.nilsson@jltparts.fi<\/a><\/p><\/div><\/div>\n<\/div>\n\n\n\n<div class=\"wp-block-uagb-container uagb-block-0e9f931d\">\n<div class=\"wp-block-uagb-team uagb-team__image-position-above uagb-team__align-center uagb-team__stack-tablet uagb-block-6c277fe4\"><div class=\"uagb-team__content\"><h3 class=\"uagb-team__title\">Oscar Eklund<\/h3><span class=\"uagb-team__prefix\">Agricutural Machinery<\/span><p class=\"uagb-team__desc\">+358 40 759 0277<br><a href=\"mailto:oscar.eklund@jltservices.fi\">oscar.eklund@jltservices.fi<\/a><\/p><\/div><\/div>\n<\/div>\n\n\n\n<div class=\"wp-block-uagb-container uagb-block-29d45f23\">\n<div class=\"wp-block-uagb-team uagb-team__image-position-above uagb-team__align-center uagb-team__stack-tablet uagb-block-fe8ea3d0\"><div class=\"uagb-team__content\"><h3 class=\"uagb-team__title\">Juha Marttila<\/h3><span class=\"uagb-team__prefix\">Compactors\/Bailing Equipment<\/span><p class=\"uagb-team__desc\">+358 40 150 8957<br><a href=\"mailto:puristinhuolto@jltservices.fi\">puristinhuolto@jltservices.fi<\/a><\/p><\/div><\/div>\n<\/div>\n<\/div><\/div>\n\n\n\n<p><\/p>\n","protected":false},"excerpt":{"rendered":"<p>JLT Services<\/p>\n","protected":false},"author":3,"featured_media":686,"parent":48,"menu_order":0,"comment_status":"closed","ping_status":"closed","template":"","meta":{"saved_in_kubio":true,"_uag_custom_page_level_css":"","_monsterinsights_skip_tracking":false,"_monsterinsights_sitenote_active":false,"_monsterinsights_sitenote_note":"","_monsterinsights_sitenote_category":0,"footnotes":""},"class_list":["post-735","page","type-page","status-publish","has-post-thumbnail","hentry","entry"],"aioseo_notices":[],"kubio_ai_page_context":{"short_desc":"","purpose":"general"},"uagb_featured_image_src":{"full":["https:\/\/jltservices.fi\/wp-content\/uploads\/2026\/02\/bakgrundlol2.jpeg",1024,768,false],"thumbnail":["https:\/\/jltservices.fi\/wp-content\/uploads\/2026\/02\/bakgrundlol2-150x150.jpeg",150,150,true],"medium":["https:\/\/jltservices.fi\/wp-content\/uploads\/2026\/02\/bakgrundlol2-300x225.jpeg",300,225,true],"medium_large":["https:\/\/jltservices.fi\/wp-content\/uploads\/2026\/02\/bakgrundlol2-768x576.jpeg",640,480,true],"large":["https:\/\/jltservices.fi\/wp-content\/uploads\/2026\/02\/bakgrundlol2.jpeg",640,480,false],"1536x1536":["https:\/\/jltservices.fi\/wp-content\/uploads\/2026\/02\/bakgrundlol2.jpeg",1024,768,false],"2048x2048":["https:\/\/jltservices.fi\/wp-content\/uploads\/2026\/02\/bakgrundlol2.jpeg",1024,768,false],"kubio-fullhd":["https:\/\/jltservices.fi\/wp-content\/uploads\/2026\/02\/bakgrundlol2.jpeg",1024,768,false],"post-thumbnail":["https:\/\/jltservices.fi\/wp-content\/uploads\/2026\/02\/bakgrundlol2.jpeg",1024,768,false]},"uagb_author_info":{"display_name":"Anton Nilsson","author_link":"https:\/\/jltservices.fi\/index.php\/author\/anton-nilsson\/"},"uagb_comment_info":0,"uagb_excerpt":"JLT Services","jetpack_sharing_enabled":true,"_links":{"self":[{"href":"https:\/\/jltservices.fi\/index.php\/wp-json\/wp\/v2\/pages\/735","targetHints":{"allow":["GET"]}}],"collection":[{"href":"https:\/\/jltservices.fi\/index.php\/wp-json\/wp\/v2\/pages"}],"about":[{"href":"https:\/\/jltservices.fi\/index.php\/wp-json\/wp\/v2\/types\/page"}],"author":[{"embeddable":true,"href":"https:\/\/jltservices.fi\/index.php\/wp-json\/wp\/v2\/users\/3"}],"replies":[{"embeddable":true,"href":"https:\/\/jltservices.fi\/index.php\/wp-json\/wp\/v2\/comments?post=735"}],"version-history":[{"count":15,"href":"https:\/\/jltservices.fi\/index.php\/wp-json\/wp\/v2\/pages\/735\/revisions"}],"predecessor-version":[{"id":997,"href":"https:\/\/jltservices.fi\/index.php\/wp-json\/wp\/v2\/pages\/735\/revisions\/997"}],"up":[{"embeddable":true,"href":"https:\/\/jltservices.fi\/index.php\/wp-json\/wp\/v2\/pages\/48"}],"wp:featuredmedia":[{"embeddable":true,"href":"https:\/\/jltservices.fi\/index.php\/wp-json\/wp\/v2\/media\/686"}],"wp:attachment":[{"href":"https:\/\/jltservices.fi\/index.php\/wp-json\/wp\/v2\/media?parent=735"}],"curies":[{"name":"wp","href":"https:\/\/api.w.org\/{rel}","templated":true}]}}