{"id":737,"date":"2026-02-25T12:16:58","date_gmt":"2026-02-25T10:16:58","guid":{"rendered":"https:\/\/jltservices.fi\/?page_id=737"},"modified":"2026-03-02T13:59:55","modified_gmt":"2026-03-02T11:59:55","slug":"raskaskaluston-huolto","status":"publish","type":"page","link":"https:\/\/jltservices.fi\/index.php\/om-oss\/raskaskaluston-huolto\/","title":{"rendered":"Raskaskaluston huolto"},"content":{"rendered":"\n\n\n<div class=\"wp-block-uagb-separator uagb-block-e301ce05\"><div class=\"wp-block-uagb-separator__inner\" style=\"--my-background-image:\"><\/div><\/div>\n\n\n\n<div class=\"wp-block-uagb-container uagb-block-248a101b alignfull uagb-is-root-container\"><div class=\"uagb-container-inner-blocks-wrap\">\n<div class=\"wp-block-uagb-container uagb-block-a2cf7464\">\n<div class=\"wp-block-uagb-advanced-heading uagb-block-c95709ed\"><h2 class=\"uagb-heading-text\">Raskaskaluston huolto<\/h2><\/div>\n\n\n\n<div class=\"wp-block-uagb-info-box uagb-block-568af7b9 uagb-infobox__content-wrap  uagb-infobox-icon-above-title uagb-infobox-image-valign-top\"><div class=\"uagb-ifb-content\"><div class=\"uagb-ifb-title-wrap\"><\/div><p class=\"uagb-ifb-desc\">JLT Services huoltaa ja korjaa p\u00e4\u00e4asiassa raskasta kalustoa kuten trukkeja, py\u00f6r\u00e4kuormaajia, kaivinkoneita murskaajia jne. <br>Tehd\u00e4\u00e4n kaikki pienest\u00e4 \u00f6ljynvuodosta moottorin vaihtoon ja t\u00e4ysremonttiin kaikki asiakaiden tarpeitten mukaan. <br>Meid\u00e4n tehokas ja tarkka porukka on ylpe\u00e4 kaikesta mit\u00e4 valmistuu meid\u00e4n pajalta tai mit\u00e4 n\u00e4emme huoltoauton takapeilist\u00e4 kun l\u00e4hdemme ty\u00f6paikalta. <br><br>Olemme valmiita tulemaan huoltoautojen kanssa paikalle lyhyell\u00e4 varoitusajalla. <br><br>Olemme aina vain yhden soiton p\u00e4\u00e4ss\u00e4!<\/p><\/div><\/div>\n<\/div>\n\n\n\n<div class=\"wp-block-uagb-container uagb-block-b3f13fe6\">\t\t\t\t\t<div\n\t\t\t\t\t\tclass=\"wp-block-uagb-image-gallery uagb-block-65012780     \"\n\t\t\t\t\t\tstyle=\"\"\n\t\t\t\t\t>\n\t\t\t\t\t\t\t\t\t\t\t<div class=\"spectra-image-gallery spectra-image-gallery__layout--grid spectra-image-gallery__layout--grid-col-2 spectra-image-gallery__layout--grid-col-tab-3 spectra-image-gallery__layout--grid-col-mob-2\">\n\t\t\t\t\t\t\t\t\t\t\t<div class='spectra-image-gallery__media-wrapper' data-spectra-gallery-image-id='361' tabindex=\"0\">\n\t\t\t\t\t\t\t<div class=\"spectra-image-gallery__media spectra-image-gallery__media--grid\">\n\t\t\t\t<picture>\n\t\t\t\t\t<source media=\"(min-width: 1024px)\" srcset=\"https:\/\/jltservices.fi\/wp-content\/uploads\/2022\/05\/WhatsApp-Image-2022-05-23-at-7.08.39-PM.jpeg\">\n\t\t\t\t\t<source media=\"(min-width: 768px)\" srcset=\"https:\/\/jltservices.fi\/wp-content\/uploads\/2022\/05\/WhatsApp-Image-2022-05-23-at-7.08.39-PM.jpeg\">\n\t\t\t\t\t<img decoding=\"async\" class=\"spectra-image-gallery__media-thumbnail spectra-image-gallery__media-thumbnail--grid\" src=\"https:\/\/jltservices.fi\/wp-content\/uploads\/2022\/05\/WhatsApp-Image-2022-05-23-at-7.08.39-PM-169x300.jpeg\" alt=\"\" loading=\"lazy\" \/>\n\t\t\t\t<\/picture>\n\t\t\t\t<div class=\"spectra-image-gallery__media-thumbnail-blurrer\"><\/div>\n\t\t\t\t\t\t\t\t\t\t\t<div class=\"spectra-image-gallery__media-thumbnail-caption-wrapper spectra-image-gallery__media-thumbnail-caption-wrapper--overlay\"><\/div>\n\t\t\t\t\t\t\t\t<\/div>\n\t\t\t\t\t\t<\/div>\n\t\t\t\t\t\t<div class='spectra-image-gallery__media-wrapper' data-spectra-gallery-image-id='348' tabindex=\"0\">\n\t\t\t\t\t\t\t<div class=\"spectra-image-gallery__media spectra-image-gallery__media--grid\">\n\t\t\t\t<picture>\n\t\t\t\t\t<source media=\"(min-width: 1024px)\" srcset=\"https:\/\/jltservices.fi\/wp-content\/uploads\/2022\/05\/WhatsApp-Image-2022-05-23-at-6.49.24-PM.jpeg\">\n\t\t\t\t\t<source media=\"(min-width: 768px)\" srcset=\"https:\/\/jltservices.fi\/wp-content\/uploads\/2022\/05\/WhatsApp-Image-2022-05-23-at-6.49.24-PM.jpeg\">\n\t\t\t\t\t<img decoding=\"async\" class=\"spectra-image-gallery__media-thumbnail spectra-image-gallery__media-thumbnail--grid\" src=\"https:\/\/jltservices.fi\/wp-content\/uploads\/2022\/05\/WhatsApp-Image-2022-05-23-at-6.49.24-PM-300x225.jpeg\" alt=\"\" loading=\"lazy\" \/>\n\t\t\t\t<\/picture>\n\t\t\t\t<div class=\"spectra-image-gallery__media-thumbnail-blurrer\"><\/div>\n\t\t\t\t\t\t\t\t\t\t\t<div class=\"spectra-image-gallery__media-thumbnail-caption-wrapper spectra-image-gallery__media-thumbnail-caption-wrapper--overlay\"><\/div>\n\t\t\t\t\t\t\t\t<\/div>\n\t\t\t\t\t\t<\/div>\n\t\t\t\t\t\t<div class='spectra-image-gallery__media-wrapper' data-spectra-gallery-image-id='362' tabindex=\"0\">\n\t\t\t\t\t\t\t<div class=\"spectra-image-gallery__media spectra-image-gallery__media--grid\">\n\t\t\t\t<picture>\n\t\t\t\t\t<source media=\"(min-width: 1024px)\" srcset=\"https:\/\/jltservices.fi\/wp-content\/uploads\/2022\/05\/WhatsApp-Image-2022-05-23-at-7.08.20-PM.jpeg\">\n\t\t\t\t\t<source media=\"(min-width: 768px)\" srcset=\"https:\/\/jltservices.fi\/wp-content\/uploads\/2022\/05\/WhatsApp-Image-2022-05-23-at-7.08.20-PM.jpeg\">\n\t\t\t\t\t<img decoding=\"async\" class=\"spectra-image-gallery__media-thumbnail spectra-image-gallery__media-thumbnail--grid\" src=\"https:\/\/jltservices.fi\/wp-content\/uploads\/2022\/05\/WhatsApp-Image-2022-05-23-at-7.08.20-PM-225x300.jpeg\" alt=\"\" loading=\"lazy\" \/>\n\t\t\t\t<\/picture>\n\t\t\t\t<div class=\"spectra-image-gallery__media-thumbnail-blurrer\"><\/div>\n\t\t\t\t\t\t\t\t\t\t\t<div class=\"spectra-image-gallery__media-thumbnail-caption-wrapper spectra-image-gallery__media-thumbnail-caption-wrapper--overlay\"><\/div>\n\t\t\t\t\t\t\t\t<\/div>\n\t\t\t\t\t\t<\/div>\n\t\t\t\t\t\t<div class='spectra-image-gallery__media-wrapper' data-spectra-gallery-image-id='713' tabindex=\"0\">\n\t\t\t\t\t\t\t<div class=\"spectra-image-gallery__media spectra-image-gallery__media--grid\">\n\t\t\t\t<picture>\n\t\t\t\t\t<source media=\"(min-width: 1024px)\" srcset=\"https:\/\/jltservices.fi\/wp-content\/uploads\/2026\/02\/WhatsApp-Image-2026-02-25-at-06.57.43-576x1024.jpeg\">\n\t\t\t\t\t<source media=\"(min-width: 768px)\" srcset=\"https:\/\/jltservices.fi\/wp-content\/uploads\/2026\/02\/WhatsApp-Image-2026-02-25-at-06.57.43-576x1024.jpeg\">\n\t\t\t\t\t<img decoding=\"async\" class=\"spectra-image-gallery__media-thumbnail spectra-image-gallery__media-thumbnail--grid\" src=\"https:\/\/jltservices.fi\/wp-content\/uploads\/2026\/02\/WhatsApp-Image-2026-02-25-at-06.57.43-169x300.jpeg\" alt=\"\" loading=\"lazy\" \/>\n\t\t\t\t<\/picture>\n\t\t\t\t<div class=\"spectra-image-gallery__media-thumbnail-blurrer\"><\/div>\n\t\t\t\t\t\t\t\t\t\t\t<div class=\"spectra-image-gallery__media-thumbnail-caption-wrapper spectra-image-gallery__media-thumbnail-caption-wrapper--overlay\"><\/div>\n\t\t\t\t\t\t\t\t<\/div>\n\t\t\t\t\t\t<\/div>\n\t\t\t\t\t\t<div class='spectra-image-gallery__media-wrapper' data-spectra-gallery-image-id='712' tabindex=\"0\">\n\t\t\t\t\t\t\t<div class=\"spectra-image-gallery__media spectra-image-gallery__media--grid\">\n\t\t\t\t<picture>\n\t\t\t\t\t<source media=\"(min-width: 1024px)\" srcset=\"https:\/\/jltservices.fi\/wp-content\/uploads\/2026\/02\/WhatsApp-Image-2026-02-25-at-06.57.48-768x1024.jpeg\">\n\t\t\t\t\t<source media=\"(min-width: 768px)\" srcset=\"https:\/\/jltservices.fi\/wp-content\/uploads\/2026\/02\/WhatsApp-Image-2026-02-25-at-06.57.48-768x1024.jpeg\">\n\t\t\t\t\t<img decoding=\"async\" class=\"spectra-image-gallery__media-thumbnail spectra-image-gallery__media-thumbnail--grid\" src=\"https:\/\/jltservices.fi\/wp-content\/uploads\/2026\/02\/WhatsApp-Image-2026-02-25-at-06.57.48-225x300.jpeg\" alt=\"\" loading=\"lazy\" \/>\n\t\t\t\t<\/picture>\n\t\t\t\t<div class=\"spectra-image-gallery__media-thumbnail-blurrer\"><\/div>\n\t\t\t\t\t\t\t\t\t\t\t<div class=\"spectra-image-gallery__media-thumbnail-caption-wrapper spectra-image-gallery__media-thumbnail-caption-wrapper--overlay\"><\/div>\n\t\t\t\t\t\t\t\t<\/div>\n\t\t\t\t\t\t<\/div>\n\t\t\t\t\t\t<div class='spectra-image-gallery__media-wrapper' data-spectra-gallery-image-id='349' tabindex=\"0\">\n\t\t\t\t\t\t\t<div class=\"spectra-image-gallery__media spectra-image-gallery__media--grid\">\n\t\t\t\t<picture>\n\t\t\t\t\t<source media=\"(min-width: 1024px)\" srcset=\"https:\/\/jltservices.fi\/wp-content\/uploads\/2022\/05\/WhatsApp-Image-2022-05-23-at-6.49.15-PM.jpeg\">\n\t\t\t\t\t<source media=\"(min-width: 768px)\" srcset=\"https:\/\/jltservices.fi\/wp-content\/uploads\/2022\/05\/WhatsApp-Image-2022-05-23-at-6.49.15-PM.jpeg\">\n\t\t\t\t\t<img decoding=\"async\" class=\"spectra-image-gallery__media-thumbnail spectra-image-gallery__media-thumbnail--grid\" src=\"https:\/\/jltservices.fi\/wp-content\/uploads\/2022\/05\/WhatsApp-Image-2022-05-23-at-6.49.15-PM-300x225.jpeg\" alt=\"\" loading=\"lazy\" \/>\n\t\t\t\t<\/picture>\n\t\t\t\t<div class=\"spectra-image-gallery__media-thumbnail-blurrer\"><\/div>\n\t\t\t\t\t\t\t\t\t\t\t<div class=\"spectra-image-gallery__media-thumbnail-caption-wrapper spectra-image-gallery__media-thumbnail-caption-wrapper--overlay\"><\/div>\n\t\t\t\t\t\t\t\t<\/div>\n\t\t\t\t\t\t<\/div>\n\t\t\t\t\t\t\t\t\t\t<\/div>\n\t\t\t\t\t\t\t\t\t\t\t\t\t\t\t\t\t\t<\/div>\n\t\t\t\t\t\t\t\t\t<\/div>\n<\/div><\/div>\n","protected":false},"excerpt":{"rendered":"<p>Raskaskaluston huolto<\/p>\n","protected":false},"author":3,"featured_media":686,"parent":48,"menu_order":0,"comment_status":"closed","ping_status":"closed","template":"","meta":{"saved_in_kubio":true,"_uag_custom_page_level_css":"","_monsterinsights_skip_tracking":false,"_monsterinsights_sitenote_active":false,"_monsterinsights_sitenote_note":"","_monsterinsights_sitenote_category":0,"footnotes":""},"class_list":["post-737","page","type-page","status-publish","has-post-thumbnail","hentry","entry"],"aioseo_notices":[],"kubio_ai_page_context":{"short_desc":"","purpose":"general"},"uagb_featured_image_src":{"full":["https:\/\/jltservices.fi\/wp-content\/uploads\/2026\/02\/bakgrundlol2.jpeg",1024,768,false],"thumbnail":["https:\/\/jltservices.fi\/wp-content\/uploads\/2026\/02\/bakgrundlol2-150x150.jpeg",150,150,true],"medium":["https:\/\/jltservices.fi\/wp-content\/uploads\/2026\/02\/bakgrundlol2-300x225.jpeg",300,225,true],"medium_large":["https:\/\/jltservices.fi\/wp-content\/uploads\/2026\/02\/bakgrundlol2-768x576.jpeg",640,480,true],"large":["https:\/\/jltservices.fi\/wp-content\/uploads\/2026\/02\/bakgrundlol2.jpeg",640,480,false],"1536x1536":["https:\/\/jltservices.fi\/wp-content\/uploads\/2026\/02\/bakgrundlol2.jpeg",1024,768,false],"2048x2048":["https:\/\/jltservices.fi\/wp-content\/uploads\/2026\/02\/bakgrundlol2.jpeg",1024,768,false],"kubio-fullhd":["https:\/\/jltservices.fi\/wp-content\/uploads\/2026\/02\/bakgrundlol2.jpeg",1024,768,false],"post-thumbnail":["https:\/\/jltservices.fi\/wp-content\/uploads\/2026\/02\/bakgrundlol2.jpeg",1024,768,false]},"uagb_author_info":{"display_name":"Anton Nilsson","author_link":"https:\/\/jltservices.fi\/index.php\/author\/anton-nilsson\/"},"uagb_comment_info":0,"uagb_excerpt":"Raskaskaluston huolto","jetpack_sharing_enabled":true,"_links":{"self":[{"href":"https:\/\/jltservices.fi\/index.php\/wp-json\/wp\/v2\/pages\/737","targetHints":{"allow":["GET"]}}],"collection":[{"href":"https:\/\/jltservices.fi\/index.php\/wp-json\/wp\/v2\/pages"}],"about":[{"href":"https:\/\/jltservices.fi\/index.php\/wp-json\/wp\/v2\/types\/page"}],"author":[{"embeddable":true,"href":"https:\/\/jltservices.fi\/index.php\/wp-json\/wp\/v2\/users\/3"}],"replies":[{"embeddable":true,"href":"https:\/\/jltservices.fi\/index.php\/wp-json\/wp\/v2\/comments?post=737"}],"version-history":[{"count":5,"href":"https:\/\/jltservices.fi\/index.php\/wp-json\/wp\/v2\/pages\/737\/revisions"}],"predecessor-version":[{"id":943,"href":"https:\/\/jltservices.fi\/index.php\/wp-json\/wp\/v2\/pages\/737\/revisions\/943"}],"up":[{"embeddable":true,"href":"https:\/\/jltservices.fi\/index.php\/wp-json\/wp\/v2\/pages\/48"}],"wp:featuredmedia":[{"embeddable":true,"href":"https:\/\/jltservices.fi\/index.php\/wp-json\/wp\/v2\/media\/686"}],"wp:attachment":[{"href":"https:\/\/jltservices.fi\/index.php\/wp-json\/wp\/v2\/media?parent=737"}],"curies":[{"name":"wp","href":"https:\/\/api.w.org\/{rel}","templated":true}]}}